{"id":7207,"date":"2018-03-23T16:28:36","date_gmt":"2018-03-23T20:28:36","guid":{"rendered":"http:\/\/pcpaluminium.goimago.com\/news\/"},"modified":"2022-06-13T10:22:13","modified_gmt":"2022-06-13T14:22:13","slug":"novedades","status":"publish","type":"page","link":"https:\/\/pcpaluminium.com\/es\/novedades\/","title":{"rendered":"NOVEDADES"},"content":{"rendered":"[mk_page_section bg_image=\u00bbhttps:\/\/pcpaluminium.com\/wp-content\/uploads\/2018\/05\/pcp-equipe-travail.jpg\u00bb attachment=\u00bbfixed\u00bb bg_position=\u00bbcenter top\u00bb bg_repeat=\u00bbno-repeat\u00bb bg_stretch=\u00bbtrue\u00bb bg_gradient=\u00bbvertical\u00bb video_color_mask=\u00bbrgba(0,0,0,0.3)\u00bb video_opacity=\u00bb0.9&#8243; min_height=\u00bb318&#8243; padding_top=\u00bb40&#8243; padding_bottom=\u00bb0&#8243; top_shape_color=\u00bb#ffffff\u00bb bottom_shape_color=\u00bb#ffffff\u00bb section_id=\u00bbtop25&#8243; sidebar=\u00bbsidebar-1&#8243;][vc_column][mk_padding_divider visibility=\u00bbhidden-sm\u00bb][mk_fancy_title tag_name=\u00bbh1&#8243; color=\u00bb#ffffff\u00bb size=\u00bb36&#8243; force_font_size=\u00bbtrue\u00bb size_phone=\u00bb20&#8243; font_weight=\u00bb400&#8243; txt_transform=\u00bbuppercase\u00bb letter_spacing=\u00bb4&#8243; font_family=\u00bbRaleway\u00bb font_type=\u00bbgoogle\u00bb]\n<h1><span style=\"color: #ffffff;\">NOVEDADES DE PCP<\/span><\/h1>\n[\/mk_fancy_title][mk_fancy_title color=\u00bb#ffffff\u00bb size=\u00bb16&#8243; force_font_size=\u00bbtrue\u00bb size_phone=\u00bb10&#8243; line_height=\u00bb160&#8243; font_weight=\u00bb500&#8243; txt_transform=\u00bbuppercase\u00bb letter_spacing=\u00bb4&#8243; font_family=\u00bbRaleway\u00bb font_type=\u00bbgoogle\u00bb]<span style=\"color: #ffffff;\">\u00bfDESEA SABER M\u00c1S DE NUESTRAS INDUSTRIAS?<\/span><br \/>\n<span style=\"color: #ffffff;\">\u00a1EST\u00c1 EN EL LUGAR CORRECTO PARA SABERLO!<\/span>[\/mk_fancy_title][mk_padding_divider size=\u00bb20&#8243; visibility=\u00bbhidden-sm\u00bb][\/vc_column][\/mk_page_section][vc_row][vc_column][mk_padding_divider size=\u00bb60&#8243;][mk_blog style=\u00bbclassic\u00bb post_count=\u00bb-1&#8243; cat=\u00bb9&#8243;][\/vc_column][\/vc_row][vc_row][vc_column][mk_padding_divider size=\u00bb120&#8243;][\/vc_column][\/vc_row]\n","protected":false},"excerpt":{"rendered":"<p>[mk_page_section bg_image=\u00bbhttps:\/\/pcpaluminium.com\/wp-content\/uploads\/2018\/05\/pcp-equipe-travail.jpg\u00bb attachment=\u00bbfixed\u00bb bg_position=\u00bbcenter top\u00bb bg_repeat=\u00bbno-repeat\u00bb bg_stretch=\u00bbtrue\u00bb bg_gradient=\u00bbvertical\u00bb video_color_mask=\u00bbrgba(0,0,0,0.3)\u00bb video_opacity=\u00bb0.9&#8243; min_height=\u00bb318&#8243; padding_top=\u00bb40&#8243; padding_bottom=\u00bb0&#8243; top_shape_color=\u00bb#ffffff\u00bb bottom_shape_color=\u00bb#ffffff\u00bb section_id=\u00bbtop25&#8243; sidebar=\u00bbsidebar-1&#8243;][vc_column][mk_padding_divider visibility=\u00bbhidden-sm\u00bb][mk_fancy_title tag_name=\u00bbh1&#8243; color=\u00bb#ffffff\u00bb size=\u00bb36&#8243; force_font_size=\u00bbtrue\u00bb size_phone=\u00bb20&#8243; font_weight=\u00bb400&#8243; txt_transform=\u00bbuppercase\u00bb letter_spacing=\u00bb4&#8243; font_family=\u00bbRaleway\u00bb font_type=\u00bbgoogle\u00bb] NOVEDADES DE PCP [\/mk_fancy_title][mk_fancy_title color=\u00bb#ffffff\u00bb size=\u00bb16&#8243; force_font_size=\u00bbtrue\u00bb size_phone=\u00bb10&#8243; line_height=\u00bb160&#8243; font_weight=\u00bb500&#8243; txt_transform=\u00bbuppercase\u00bb letter_spacing=\u00bb4&#8243; font_family=\u00bbRaleway\u00bb font_type=\u00bbgoogle\u00bb]\u00bfDESEA SABER M\u00c1S DE NUESTRAS INDUSTRIAS? \u00a1EST\u00c1 EN EL LUGAR CORRECTO PARA SABERLO![\/mk_fancy_title][mk_padding_divider size=\u00bb20&#8243; [&hellip;]<\/p>\n","protected":false},"author":1,"featured_media":0,"parent":0,"menu_order":0,"comment_status":"closed","ping_status":"closed","template":"","meta":{"footnotes":""},"class_list":["post-7207","page","type-page","status-publish","hentry"],"yoast_head":"<!-- This site is optimized with the Yoast SEO plugin v27.3 - https:\/\/yoast.com\/product\/yoast-seo-wordpress\/ -->\n<title>Descubre las \u00faltimas novedades de PCP Aluminium<\/title>\n<meta name=\"description\" content=\"Consulte nuestra nueva secci\u00f3n para estar al tanto de las novedades en el mundo de las placas de precisi\u00f3n de aluminio fundido.\" \/>\n<meta name=\"robots\" content=\"index, follow, max-snippet:-1, max-image-preview:large, max-video-preview:-1\" \/>\n<link rel=\"canonical\" href=\"https:\/\/pcpaluminium.com\/es\/novedades\/\" \/>\n<meta property=\"og:locale\" content=\"es_ES\" \/>\n<meta property=\"og:type\" content=\"article\" \/>\n<meta property=\"og:title\" content=\"Descubre las \u00faltimas novedades de PCP Aluminium\" \/>\n<meta property=\"og:description\" content=\"Consulte nuestra nueva secci\u00f3n para estar al tanto de las novedades en el mundo de las placas de precisi\u00f3n de aluminio fundido.\" \/>\n<meta property=\"og:url\" content=\"https:\/\/pcpaluminium.com\/es\/novedades\/\" \/>\n<meta property=\"og:site_name\" content=\"PCP Aluminium\" \/>\n<meta property=\"article:modified_time\" content=\"2022-06-13T14:22:13+00:00\" \/>\n<meta name=\"twitter:card\" content=\"summary_large_image\" \/>\n<meta name=\"twitter:label1\" content=\"Tiempo de lectura\" \/>\n\t<meta name=\"twitter:data1\" content=\"1 minuto\" \/>\n<script type=\"application\/ld+json\" class=\"yoast-schema-graph\">{\"@context\":\"https:\\\/\\\/schema.org\",\"@graph\":[{\"@type\":\"WebPage\",\"@id\":\"https:\\\/\\\/pcpaluminium.com\\\/es\\\/novedades\\\/\",\"url\":\"https:\\\/\\\/pcpaluminium.com\\\/es\\\/novedades\\\/\",\"name\":\"Descubre las \u00faltimas novedades de PCP Aluminium\",\"isPartOf\":{\"@id\":\"https:\\\/\\\/pcpaluminium.com\\\/#website\"},\"datePublished\":\"2018-03-23T20:28:36+00:00\",\"dateModified\":\"2022-06-13T14:22:13+00:00\",\"description\":\"Consulte nuestra nueva secci\u00f3n para estar al tanto de las novedades en el mundo de las placas de precisi\u00f3n de aluminio fundido.\",\"breadcrumb\":{\"@id\":\"https:\\\/\\\/pcpaluminium.com\\\/es\\\/novedades\\\/#breadcrumb\"},\"inLanguage\":\"es\",\"potentialAction\":[{\"@type\":\"ReadAction\",\"target\":[\"https:\\\/\\\/pcpaluminium.com\\\/es\\\/novedades\\\/\"]}]},{\"@type\":\"BreadcrumbList\",\"@id\":\"https:\\\/\\\/pcpaluminium.com\\\/es\\\/novedades\\\/#breadcrumb\",\"itemListElement\":[{\"@type\":\"ListItem\",\"position\":1,\"name\":\"Accueil\",\"item\":\"https:\\\/\\\/pcpaluminium.com\\\/es\\\/\"},{\"@type\":\"ListItem\",\"position\":2,\"name\":\"NOVEDADES\"}]},{\"@type\":\"WebSite\",\"@id\":\"https:\\\/\\\/pcpaluminium.com\\\/#website\",\"url\":\"https:\\\/\\\/pcpaluminium.com\\\/\",\"name\":\"PCP Aluminium\",\"description\":\"PLACAS FUNDIDAS DE PRECISI\u00d3N\",\"potentialAction\":[{\"@type\":\"SearchAction\",\"target\":{\"@type\":\"EntryPoint\",\"urlTemplate\":\"https:\\\/\\\/pcpaluminium.com\\\/?s={search_term_string}\"},\"query-input\":{\"@type\":\"PropertyValueSpecification\",\"valueRequired\":true,\"valueName\":\"search_term_string\"}}],\"inLanguage\":\"es\"}]}<\/script>\n<!-- \/ Yoast SEO plugin. -->","yoast_head_json":{"title":"Descubre las \u00faltimas novedades de PCP Aluminium","description":"Consulte nuestra nueva secci\u00f3n para estar al tanto de las novedades en el mundo de las placas de precisi\u00f3n de aluminio fundido.","robots":{"index":"index","follow":"follow","max-snippet":"max-snippet:-1","max-image-preview":"max-image-preview:large","max-video-preview":"max-video-preview:-1"},"canonical":"https:\/\/pcpaluminium.com\/es\/novedades\/","og_locale":"es_ES","og_type":"article","og_title":"Descubre las \u00faltimas novedades de PCP Aluminium","og_description":"Consulte nuestra nueva secci\u00f3n para estar al tanto de las novedades en el mundo de las placas de precisi\u00f3n de aluminio fundido.","og_url":"https:\/\/pcpaluminium.com\/es\/novedades\/","og_site_name":"PCP Aluminium","article_modified_time":"2022-06-13T14:22:13+00:00","twitter_card":"summary_large_image","twitter_misc":{"Tiempo de lectura":"1 minuto"},"schema":{"@context":"https:\/\/schema.org","@graph":[{"@type":"WebPage","@id":"https:\/\/pcpaluminium.com\/es\/novedades\/","url":"https:\/\/pcpaluminium.com\/es\/novedades\/","name":"Descubre las \u00faltimas novedades de PCP Aluminium","isPartOf":{"@id":"https:\/\/pcpaluminium.com\/#website"},"datePublished":"2018-03-23T20:28:36+00:00","dateModified":"2022-06-13T14:22:13+00:00","description":"Consulte nuestra nueva secci\u00f3n para estar al tanto de las novedades en el mundo de las placas de precisi\u00f3n de aluminio fundido.","breadcrumb":{"@id":"https:\/\/pcpaluminium.com\/es\/novedades\/#breadcrumb"},"inLanguage":"es","potentialAction":[{"@type":"ReadAction","target":["https:\/\/pcpaluminium.com\/es\/novedades\/"]}]},{"@type":"BreadcrumbList","@id":"https:\/\/pcpaluminium.com\/es\/novedades\/#breadcrumb","itemListElement":[{"@type":"ListItem","position":1,"name":"Accueil","item":"https:\/\/pcpaluminium.com\/es\/"},{"@type":"ListItem","position":2,"name":"NOVEDADES"}]},{"@type":"WebSite","@id":"https:\/\/pcpaluminium.com\/#website","url":"https:\/\/pcpaluminium.com\/","name":"PCP Aluminium","description":"PLACAS FUNDIDAS DE PRECISI\u00d3N","potentialAction":[{"@type":"SearchAction","target":{"@type":"EntryPoint","urlTemplate":"https:\/\/pcpaluminium.com\/?s={search_term_string}"},"query-input":{"@type":"PropertyValueSpecification","valueRequired":true,"valueName":"search_term_string"}}],"inLanguage":"es"}]}},"_links":{"self":[{"href":"https:\/\/pcpaluminium.com\/es\/wp-json\/wp\/v2\/pages\/7207","targetHints":{"allow":["GET"]}}],"collection":[{"href":"https:\/\/pcpaluminium.com\/es\/wp-json\/wp\/v2\/pages"}],"about":[{"href":"https:\/\/pcpaluminium.com\/es\/wp-json\/wp\/v2\/types\/page"}],"author":[{"embeddable":true,"href":"https:\/\/pcpaluminium.com\/es\/wp-json\/wp\/v2\/users\/1"}],"replies":[{"embeddable":true,"href":"https:\/\/pcpaluminium.com\/es\/wp-json\/wp\/v2\/comments?post=7207"}],"version-history":[{"count":7,"href":"https:\/\/pcpaluminium.com\/es\/wp-json\/wp\/v2\/pages\/7207\/revisions"}],"predecessor-version":[{"id":7899,"href":"https:\/\/pcpaluminium.com\/es\/wp-json\/wp\/v2\/pages\/7207\/revisions\/7899"}],"wp:attachment":[{"href":"https:\/\/pcpaluminium.com\/es\/wp-json\/wp\/v2\/media?parent=7207"}],"curies":[{"name":"wp","href":"https:\/\/api.w.org\/{rel}","templated":true}]}}