{"id":7088,"date":"2018-11-06T14:09:27","date_gmt":"2018-11-06T19:09:27","guid":{"rendered":"http:\/\/pcpaluminium.goimago.com\/access-our-specifications\/"},"modified":"2022-06-13T15:56:39","modified_gmt":"2022-06-13T19:56:39","slug":"acces-fiches-informations","status":"publish","type":"page","link":"https:\/\/pcpaluminium.com\/fr\/acces-fiches-informations\/","title":{"rendered":"Acc\u00e9dez \u00e0 nos fiches d&rsquo;informations"},"content":{"rendered":"[mk_page_section bg_image=\u00a0\u00bbhttps:\/\/pcpaluminium.com\/wp-content\/uploads\/2018\/04\/entete-max5.jpg\u00a0\u00bb attachment=\u00a0\u00bbfixed\u00a0\u00bb bg_position=\u00a0\u00bbcenter bottom\u00a0\u00bb bg_repeat=\u00a0\u00bbno-repeat\u00a0\u00bb bg_stretch=\u00a0\u00bbtrue\u00a0\u00bb video_color_mask=\u00a0\u00bbrgba(0,0,0,0.1)\u00a0\u00bb video_opacity=\u00a0\u00bb0.9&Prime; min_height=\u00a0\u00bb318&Prime; padding_top=\u00a0\u00bb40&Prime; padding_bottom=\u00a0\u00bb0&Prime; top_shape_color=\u00a0\u00bb#ffffff\u00a0\u00bb bottom_shape_color=\u00a0\u00bb#ffffff\u00a0\u00bb sidebar=\u00a0\u00bbsidebar-1&Prime;][vc_column][mk_padding_divider visibility=\u00a0\u00bbhidden-sm\u00a0\u00bb][mk_fancy_title tag_name=\u00a0\u00bbh1&Prime; color=\u00a0\u00bb#ffffff\u00a0\u00bb size=\u00a0\u00bb36&Prime; force_font_size=\u00a0\u00bbtrue\u00a0\u00bb size_phone=\u00a0\u00bb20&Prime; font_weight=\u00a0\u00bb400&Prime; txt_transform=\u00a0\u00bbuppercase\u00a0\u00bb letter_spacing=\u00a0\u00bb4&Prime; font_family=\u00a0\u00bbRaleway\u00a0\u00bb font_type=\u00a0\u00bbgoogle\u00a0\u00bb el_class=\u00a0\u00bbtitre-2eniveau\u00a0\u00bb]Vous d\u00e9sirez obtenir plus de renseignements \u00e0 propos de nos produits?[\/mk_fancy_title][mk_fancy_title tag_name=\u00a0\u00bbspan\u00a0\u00bb color=\u00a0\u00bb#ffffff\u00a0\u00bb size=\u00a0\u00bb16&Prime; force_font_size=\u00a0\u00bbtrue\u00a0\u00bb size_phone=\u00a0\u00bb10&Prime; line_height=\u00a0\u00bb160&Prime; font_weight=\u00a0\u00bb500&Prime; txt_transform=\u00a0\u00bbuppercase\u00a0\u00bb letter_spacing=\u00a0\u00bb4&Prime; font_family=\u00a0\u00bbRaleway\u00a0\u00bb font_type=\u00a0\u00bbgoogle\u00a0\u00bb]Il suffit de remplir le formulaire ci-dessous[\/mk_fancy_title][mk_padding_divider size=\u00a0\u00bb20&Prime; visibility=\u00a0\u00bbhidden-sm\u00a0\u00bb][\/vc_column][\/mk_page_section][mk_page_section bg_image=\u00a0\u00bbhttps:\/\/pcpaluminium.com\/wp-content\/uploads\/2018\/03\/apropos-photo.jpg\u00a0\u00bb bg_color=\u00a0\u00bb#eaeced\u00a0\u00bb bg_position=\u00a0\u00bbcenter center\u00a0\u00bb bg_repeat=\u00a0\u00bbno-repeat\u00a0\u00bb bg_stretch=\u00a0\u00bbtrue\u00a0\u00bb video_opacity=\u00a0\u00bb0.8&Prime; padding_top=\u00a0\u00bb60&Prime; padding_bottom=\u00a0\u00bb40&Prime; sidebar=\u00a0\u00bbsidebar-1&Prime;][vc_column][mk_ornamental_title text_color=\u00a0\u00bb#005b7f\u00a0\u00bb font_family=\u00a0\u00bbRaleway\u00a0\u00bb font_type=\u00a0\u00bbgoogle\u00a0\u00bb font_size=\u00a0\u00bb24&Prime; font_weight=\u00a0\u00bbbold\u00a0\u00bb txt_transform=\u00a0\u00bbuppercase\u00a0\u00bb ornament_style=\u00a0\u00bblemo-single\u00a0\u00bb nss_align=\u00a0\u00bbcenter\u00a0\u00bb ornament_color=\u00a0\u00bb#005b7f\u00a0\u00bb margin_bottom=\u00a0\u00bb40&Prime;]<strong>Acc\u00e9dez \u00e0 nos fiches d&rsquo;informations<\/strong>[\/mk_ornamental_title][vc_row_inner][vc_column_inner width=\u00a0\u00bb1\/6&Prime;][\/vc_column_inner][vc_column_inner width=\u00a0\u00bb2\/3&Prime;]<script type=\"text\/javascript\">\n\/* <![CDATA[ *\/\nvar gform;gform||(document.addEventListener(\"gform_main_scripts_loaded\",function(){gform.scriptsLoaded=!0}),document.addEventListener(\"gform\/theme\/scripts_loaded\",function(){gform.themeScriptsLoaded=!0}),window.addEventListener(\"DOMContentLoaded\",function(){gform.domLoaded=!0}),gform={domLoaded:!1,scriptsLoaded:!1,themeScriptsLoaded:!1,isFormEditor:()=>\"function\"==typeof InitializeEditor,callIfLoaded:function(o){return!(!gform.domLoaded||!gform.scriptsLoaded||!gform.themeScriptsLoaded&&!gform.isFormEditor()||(gform.isFormEditor()&&console.warn(\"The use of gform.initializeOnLoaded() is deprecated in the form editor context and will be removed in Gravity Forms 3.1.\"),o(),0))},initializeOnLoaded:function(o){gform.callIfLoaded(o)||(document.addEventListener(\"gform_main_scripts_loaded\",()=>{gform.scriptsLoaded=!0,gform.callIfLoaded(o)}),document.addEventListener(\"gform\/theme\/scripts_loaded\",()=>{gform.themeScriptsLoaded=!0,gform.callIfLoaded(o)}),window.addEventListener(\"DOMContentLoaded\",()=>{gform.domLoaded=!0,gform.callIfLoaded(o)}))},hooks:{action:{},filter:{}},addAction:function(o,r,e,t){gform.addHook(\"action\",o,r,e,t)},addFilter:function(o,r,e,t){gform.addHook(\"filter\",o,r,e,t)},doAction:function(o){gform.doHook(\"action\",o,arguments)},applyFilters:function(o){return gform.doHook(\"filter\",o,arguments)},removeAction:function(o,r){gform.removeHook(\"action\",o,r)},removeFilter:function(o,r,e){gform.removeHook(\"filter\",o,r,e)},addHook:function(o,r,e,t,n){null==gform.hooks[o][r]&&(gform.hooks[o][r]=[]);var d=gform.hooks[o][r];null==n&&(n=r+\"_\"+d.length),gform.hooks[o][r].push({tag:n,callable:e,priority:t=null==t?10:t})},doHook:function(r,o,e){var t;if(e=Array.prototype.slice.call(e,1),null!=gform.hooks[r][o]&&((o=gform.hooks[r][o]).sort(function(o,r){return o.priority-r.priority}),o.forEach(function(o){\"function\"!=typeof(t=o.callable)&&(t=window[t]),\"action\"==r?t.apply(null,e):e[0]=t.apply(null,e)})),\"filter\"==r)return e[0]},removeHook:function(o,r,t,n){var e;null!=gform.hooks[o][r]&&(e=(e=gform.hooks[o][r]).filter(function(o,r,e){return!!(null!=n&&n!=o.tag||null!=t&&t!=o.priority)}),gform.hooks[o][r]=e)}});\n\/* ]]> *\/\n<\/script>\n\n                <div class='gf_browser_gecko gform_wrapper gform_legacy_markup_wrapper gform-theme--no-framework' data-form-theme='legacy' data-form-index='0' id='gform_wrapper_13' ><div id='gf_13' class='gform_anchor' tabindex='-1'><\/div><form method='post' enctype='multipart\/form-data'  id='gform_13'  action='\/fr\/wp-json\/wp\/v2\/pages\/7088#gf_13' data-formid='13' novalidate><div class='gf_invisible ginput_recaptchav3' data-sitekey='6LcySoMUAAAAAHCwChGySIQXhMqE3vgl2CyxJOjU' data-tabindex='0'><input id=\"input_2581bcd571aec2f3f1c41c4964174506\" class=\"gfield_recaptcha_response\" type=\"hidden\" name=\"input_2581bcd571aec2f3f1c41c4964174506\" value=\"\"\/><\/div>\n                        <div class='gform-body gform_body'><ul id='gform_fields_13' class='gform_fields top_label form_sublabel_below description_below validation_below'><li id=\"field_13_9\" class=\"gfield gfield--type-text gfield--input-type-text gfield_contains_required field_sublabel_below gfield--no-description field_description_below field_validation_below gfield_visibility_visible\"  ><label class='gfield_label gform-field-label' for='input_13_9'>Nom complet<span class=\"gfield_required\"><span class=\"gfield_required gfield_required_asterisk\">*<\/span><\/span><\/label><div class='ginput_container ginput_container_text'><input name='input_9' id='input_13_9' type='text' value='' class='medium'     aria-required=\"true\" aria-invalid=\"false\"   \/><\/div><\/li><li id=\"field_13_7\" class=\"gfield gfield--type-email gfield--input-type-email gfield_contains_required field_sublabel_below gfield--no-description field_description_below field_validation_below gfield_visibility_visible\"  ><label class='gfield_label gform-field-label' for='input_13_7'>Courriel<span class=\"gfield_required\"><span class=\"gfield_required gfield_required_asterisk\">*<\/span><\/span><\/label><div class='ginput_container ginput_container_email'>\n                            <input name='input_7' id='input_13_7' type='email' value='' class='medium'    aria-required=\"true\" aria-invalid=\"false\"  \/>\n                        <\/div><\/li><li id=\"field_13_6\" class=\"gfield gfield--type-phone gfield--input-type-phone gfield_contains_required field_sublabel_below gfield--no-description field_description_below field_validation_below gfield_visibility_visible\"  ><label class='gfield_label gform-field-label' for='input_13_6'>T\u00e9l\u00e9phone<span class=\"gfield_required\"><span class=\"gfield_required gfield_required_asterisk\">*<\/span><\/span><\/label><div class='ginput_container ginput_container_phone'><input name='input_6' id='input_13_6' type='tel' value='' class='medium'   aria-required=\"true\" aria-invalid=\"false\"   \/><\/div><\/li><li id=\"field_13_11\" class=\"gfield gfield--type-checkbox gfield--type-choice gfield--input-type-checkbox gfield_contains_required field_sublabel_below gfield--no-description field_description_below field_validation_below gfield_visibility_visible\"  ><label class='gfield_label gform-field-label gfield_label_before_complex' >Choisissez un ou plusieurs produits<span class=\"gfield_required\"><span class=\"gfield_required gfield_required_asterisk\">*<\/span><\/span><\/label><div class='ginput_container ginput_container_checkbox'><ul class='gfield_checkbox' id='input_13_11'><li class='gchoice gchoice_13_11_1'>\n\t\t\t\t\t\t\t\t<input class='gfield-choice-input' name='input_11.1' type='checkbox'  value='Max5 - Imp\u00e9rial'  id='choice_13_11_1'   \/>\n\t\t\t\t\t\t\t\t<label for='choice_13_11_1' id='label_13_11_1' class='gform-field-label gform-field-label--type-inline'>Max5 - Imp\u00e9rial<\/label>\n\t\t\t\t\t\t\t<\/li><li class='gchoice gchoice_13_11_2'>\n\t\t\t\t\t\t\t\t<input class='gfield-choice-input' name='input_11.2' type='checkbox'  value='Max5 - M\u00e9trique'  id='choice_13_11_2'   \/>\n\t\t\t\t\t\t\t\t<label for='choice_13_11_2' id='label_13_11_2' class='gform-field-label gform-field-label--type-inline'>Max5 - M\u00e9trique<\/label>\n\t\t\t\t\t\t\t<\/li><li class='gchoice gchoice_13_11_3'>\n\t\t\t\t\t\t\t\t<input class='gfield-choice-input' name='input_11.3' type='checkbox'  value='Alca5 - Imp\u00e9rial'  id='choice_13_11_3'   \/>\n\t\t\t\t\t\t\t\t<label for='choice_13_11_3' id='label_13_11_3' class='gform-field-label gform-field-label--type-inline'>Alca5 - Imp\u00e9rial<\/label>\n\t\t\t\t\t\t\t<\/li><li class='gchoice gchoice_13_11_4'>\n\t\t\t\t\t\t\t\t<input class='gfield-choice-input' name='input_11.4' type='checkbox'  value='Alca5 - M\u00e9trique'  id='choice_13_11_4'   \/>\n\t\t\t\t\t\t\t\t<label for='choice_13_11_4' id='label_13_11_4' class='gform-field-label gform-field-label--type-inline'>Alca5 - M\u00e9trique<\/label>\n\t\t\t\t\t\t\t<\/li><li class='gchoice gchoice_13_11_5'>\n\t\t\t\t\t\t\t\t<input class='gfield-choice-input' name='input_11.5' type='checkbox'  value='Bus Plate - Imp\u00e9rial'  id='choice_13_11_5'   \/>\n\t\t\t\t\t\t\t\t<label for='choice_13_11_5' id='label_13_11_5' class='gform-field-label gform-field-label--type-inline'>Bus Plate - Imp\u00e9rial<\/label>\n\t\t\t\t\t\t\t<\/li><li class='gchoice gchoice_13_11_6'>\n\t\t\t\t\t\t\t\t<input class='gfield-choice-input' name='input_11.6' type='checkbox'  value='Bus Plate - M\u00e9trique'  id='choice_13_11_6'   \/>\n\t\t\t\t\t\t\t\t<label for='choice_13_11_6' id='label_13_11_6' class='gform-field-label gform-field-label--type-inline'>Bus Plate - M\u00e9trique<\/label>\n\t\t\t\t\t\t\t<\/li><\/ul><\/div><\/li><li id=\"field_13_3\" class=\"gfield gfield--type-textarea gfield--input-type-textarea field_sublabel_below gfield--no-description field_description_below field_validation_below gfield_visibility_visible\"  ><label class='gfield_label gform-field-label' for='input_13_3'>Commentaires<\/label><div class='ginput_container ginput_container_textarea'><textarea name='input_3' id='input_13_3' class='textarea medium'      aria-invalid=\"false\"   rows='10' cols='50'><\/textarea><\/div><\/li><\/ul><\/div>\n        <div class='gform-footer gform_footer top_label'> <input type='submit' id='gform_submit_button_13' class='gform_button button' onclick='gform.submission.handleButtonClick(this);' data-submission-type='submit' value='Envoyer'  \/> \n            <input type='hidden' class='gform_hidden' name='gform_submission_method' data-js='gform_submission_method_13' value='postback' \/>\n            <input type='hidden' class='gform_hidden' name='gform_theme' data-js='gform_theme_13' id='gform_theme_13' value='legacy' \/>\n            <input type='hidden' class='gform_hidden' name='gform_style_settings' data-js='gform_style_settings_13' id='gform_style_settings_13' value='[]' \/>\n            <input type='hidden' class='gform_hidden' name='is_submit_13' value='1' \/>\n            <input type='hidden' class='gform_hidden' name='gform_submit' value='13' \/>\n            \n            <input type='hidden' class='gform_hidden' name='gform_currency' data-currency='CAD' value='h\/lmHuj+EAe+RHH6uti3NRqwhGT0Ntz6UVuXpG\/TCSOnkuHpyh7PYc3s2Oonwn5KkVzqj3eswm1+Nv89A3v7kZAY4wmKW4\/5dLM8bViB+QYqOwU=' \/>\n            <input type='hidden' class='gform_hidden' name='gform_unique_id' value='' \/>\n            <input type='hidden' class='gform_hidden' name='state_13' value='WyJbXSIsIjg2NGVmNjM3NDRiNGRlOWU0YmU4MjE1YWY2ZGUwZjgwIl0=' \/>\n            <input type='hidden' autocomplete='off' class='gform_hidden' name='gform_target_page_number_13' id='gform_target_page_number_13' value='0' \/>\n            <input type='hidden' autocomplete='off' class='gform_hidden' name='gform_source_page_number_13' id='gform_source_page_number_13' value='1' \/>\n            <input type='hidden' name='gform_field_values' value='' \/>\n            \n        <\/div>\n                        <\/form>\n                        <\/div><script type=\"text\/javascript\">\n\/* <![CDATA[ *\/\n gform.initializeOnLoaded( function() {gformInitSpinner( 13, 'https:\/\/pcpaluminium.com\/wp-content\/plugins\/gravityforms\/images\/spinner.svg', true );jQuery('#gform_ajax_frame_13').on('load',function(){var contents = jQuery(this).contents().find('*').html();var is_postback = contents.indexOf('GF_AJAX_POSTBACK') >= 0;if(!is_postback){return;}var form_content = jQuery(this).contents().find('#gform_wrapper_13');var is_confirmation = jQuery(this).contents().find('#gform_confirmation_wrapper_13').length > 0;var is_redirect = contents.indexOf('gformRedirect(){') >= 0;var is_form = form_content.length > 0 && ! is_redirect && ! is_confirmation;var mt = parseInt(jQuery('html').css('margin-top'), 10) + parseInt(jQuery('body').css('margin-top'), 10) + 100;if(is_form){jQuery('#gform_wrapper_13').html(form_content.html());if(form_content.hasClass('gform_validation_error')){jQuery('#gform_wrapper_13').addClass('gform_validation_error');} else {jQuery('#gform_wrapper_13').removeClass('gform_validation_error');}setTimeout( function() { \/* delay the scroll by 50 milliseconds to fix a bug in chrome *\/ jQuery(document).scrollTop(jQuery('#gform_wrapper_13').offset().top - mt); }, 50 );if(window['gformInitDatepicker']) {gformInitDatepicker();}if(window['gformInitPriceFields']) {gformInitPriceFields();}var current_page = jQuery('#gform_source_page_number_13').val();gformInitSpinner( 13, 'https:\/\/pcpaluminium.com\/wp-content\/plugins\/gravityforms\/images\/spinner.svg', true );jQuery(document).trigger('gform_page_loaded', [13, current_page]);window['gf_submitting_13'] = false;}else if(!is_redirect){var confirmation_content = jQuery(this).contents().find('.GF_AJAX_POSTBACK').html();if(!confirmation_content){confirmation_content = contents;}jQuery('#gform_wrapper_13').replaceWith(confirmation_content);jQuery(document).scrollTop(jQuery('#gf_13').offset().top - mt);jQuery(document).trigger('gform_confirmation_loaded', [13]);window['gf_submitting_13'] = false;wp.a11y.speak(jQuery('#gform_confirmation_message_13').text());}else{jQuery('#gform_13').append(contents);if(window['gformRedirect']) {gformRedirect();}}jQuery(document).trigger(\"gform_pre_post_render\", [{ formId: \"13\", currentPage: \"current_page\", abort: function() { this.preventDefault(); } }]);        if (event && event.defaultPrevented) {                return;        }        const gformWrapperDiv = document.getElementById( \"gform_wrapper_13\" );        if ( gformWrapperDiv ) {            const visibilitySpan = document.createElement( \"span\" );            visibilitySpan.id = \"gform_visibility_test_13\";            gformWrapperDiv.insertAdjacentElement( \"afterend\", visibilitySpan );        }        const visibilityTestDiv = document.getElementById( \"gform_visibility_test_13\" );        let postRenderFired = false;        function triggerPostRender() {            if ( postRenderFired ) {                return;            }            postRenderFired = true;            gform.core.triggerPostRenderEvents( 13, current_page );            if ( visibilityTestDiv ) {                visibilityTestDiv.parentNode.removeChild( visibilityTestDiv );            }        }        function debounce( func, wait, immediate ) {            var timeout;            return function() {                var context = this, args = arguments;                var later = function() {                    timeout = null;                    if ( !immediate ) func.apply( context, args );                };                var callNow = immediate && !timeout;                clearTimeout( timeout );                timeout = setTimeout( later, wait );                if ( callNow ) func.apply( context, args );            };        }        const debouncedTriggerPostRender = debounce( function() {            triggerPostRender();        }, 200 );        if ( visibilityTestDiv && visibilityTestDiv.offsetParent === null ) {            const observer = new MutationObserver( ( mutations ) => {                mutations.forEach( ( mutation ) => {                    if ( mutation.type === 'attributes' && visibilityTestDiv.offsetParent !== null ) {                        debouncedTriggerPostRender();                        observer.disconnect();                    }                });            });            observer.observe( document.body, {                attributes: true,                childList: false,                subtree: true,                attributeFilter: [ 'style', 'class' ],            });        } else {            triggerPostRender();        }    } );} ); \n\/* ]]> *\/\n<\/script>\n[\/vc_column_inner][vc_column_inner width=\u00a0\u00bb1\/6&Prime;][\/vc_column_inner][\/vc_row_inner][\/vc_column][\/mk_page_section]\n","protected":false},"excerpt":{"rendered":"<p>[mk_page_section bg_image=\u00a0\u00bbhttps:\/\/pcpaluminium.com\/wp-content\/uploads\/2018\/04\/entete-max5.jpg\u00a0\u00bb attachment=\u00a0\u00bbfixed\u00a0\u00bb bg_position=\u00a0\u00bbcenter bottom\u00a0\u00bb bg_repeat=\u00a0\u00bbno-repeat\u00a0\u00bb bg_stretch=\u00a0\u00bbtrue\u00a0\u00bb video_color_mask=\u00a0\u00bbrgba(0,0,0,0.1)\u00a0\u00bb video_opacity=\u00a0\u00bb0.9&Prime; min_height=\u00a0\u00bb318&Prime; padding_top=\u00a0\u00bb40&Prime; padding_bottom=\u00a0\u00bb0&Prime; top_shape_color=\u00a0\u00bb#ffffff\u00a0\u00bb bottom_shape_color=\u00a0\u00bb#ffffff\u00a0\u00bb sidebar=\u00a0\u00bbsidebar-1&Prime;][vc_column][mk_padding_divider visibility=\u00a0\u00bbhidden-sm\u00a0\u00bb][mk_fancy_title tag_name=\u00a0\u00bbh1&Prime; color=\u00a0\u00bb#ffffff\u00a0\u00bb size=\u00a0\u00bb36&Prime; force_font_size=\u00a0\u00bbtrue\u00a0\u00bb size_phone=\u00a0\u00bb20&Prime; font_weight=\u00a0\u00bb400&Prime; txt_transform=\u00a0\u00bbuppercase\u00a0\u00bb letter_spacing=\u00a0\u00bb4&Prime; font_family=\u00a0\u00bbRaleway\u00a0\u00bb font_type=\u00a0\u00bbgoogle\u00a0\u00bb el_class=\u00a0\u00bbtitre-2eniveau\u00a0\u00bb]Vous d\u00e9sirez obtenir plus de renseignements \u00e0 propos de nos produits?[\/mk_fancy_title][mk_fancy_title tag_name=\u00a0\u00bbspan\u00a0\u00bb color=\u00a0\u00bb#ffffff\u00a0\u00bb size=\u00a0\u00bb16&Prime; force_font_size=\u00a0\u00bbtrue\u00a0\u00bb size_phone=\u00a0\u00bb10&Prime; line_height=\u00a0\u00bb160&Prime; font_weight=\u00a0\u00bb500&Prime; txt_transform=\u00a0\u00bbuppercase\u00a0\u00bb letter_spacing=\u00a0\u00bb4&Prime; font_family=\u00a0\u00bbRaleway\u00a0\u00bb font_type=\u00a0\u00bbgoogle\u00a0\u00bb]Il suffit de remplir le formulaire ci-dessous[\/mk_fancy_title][mk_padding_divider size=\u00a0\u00bb20&Prime; [&hellip;]<\/p>\n","protected":false},"author":1,"featured_media":0,"parent":0,"menu_order":0,"comment_status":"closed","ping_status":"closed","template":"","meta":{"footnotes":""},"class_list":["post-7088","page","type-page","status-publish","hentry"],"yoast_head":"<!-- This site is optimized with the Yoast SEO plugin v27.4 - https:\/\/yoast.com\/product\/yoast-seo-wordpress\/ -->\n<title>Acc\u00e9dez \u00e0 nos fiches d&#039;informations - PCP Aluminium<\/title>\n<meta name=\"description\" content=\"Remplissez le formulaire pour obtenir plus de renseignements \u00e0 propos de nos produits ALCA 5 (AA5083), MAX5 (AA5083) et BUS PLATE (AA1370-50).\" \/>\n<meta name=\"robots\" content=\"index, follow, max-snippet:-1, max-image-preview:large, max-video-preview:-1\" \/>\n<link rel=\"canonical\" href=\"https:\/\/pcpaluminium.com\/fr\/acces-fiches-informations\/\" \/>\n<meta property=\"og:locale\" content=\"fr_FR\" \/>\n<meta property=\"og:type\" content=\"article\" \/>\n<meta property=\"og:title\" content=\"Acc\u00e9dez \u00e0 nos fiches d&#039;informations - PCP Aluminium\" \/>\n<meta property=\"og:description\" content=\"Remplissez le formulaire pour obtenir plus de renseignements \u00e0 propos de nos produits ALCA 5 (AA5083), MAX5 (AA5083) et BUS PLATE (AA1370-50).\" \/>\n<meta property=\"og:url\" content=\"https:\/\/pcpaluminium.com\/fr\/acces-fiches-informations\/\" \/>\n<meta property=\"og:site_name\" content=\"PCP Aluminium\" \/>\n<meta property=\"article:modified_time\" content=\"2022-06-13T19:56:39+00:00\" \/>\n<meta name=\"twitter:card\" content=\"summary_large_image\" \/>\n<meta name=\"twitter:label1\" content=\"Dur\u00e9e de lecture estim\u00e9e\" \/>\n\t<meta name=\"twitter:data1\" content=\"1 minute\" \/>\n<script type=\"application\/ld+json\" class=\"yoast-schema-graph\">{\"@context\":\"https:\\\/\\\/schema.org\",\"@graph\":[{\"@type\":\"WebPage\",\"@id\":\"https:\\\/\\\/pcpaluminium.com\\\/fr\\\/acces-fiches-informations\\\/\",\"url\":\"https:\\\/\\\/pcpaluminium.com\\\/fr\\\/acces-fiches-informations\\\/\",\"name\":\"Acc\u00e9dez \u00e0 nos fiches d'informations - PCP Aluminium\",\"isPartOf\":{\"@id\":\"https:\\\/\\\/pcpaluminium.com\\\/#website\"},\"datePublished\":\"2018-11-06T19:09:27+00:00\",\"dateModified\":\"2022-06-13T19:56:39+00:00\",\"description\":\"Remplissez le formulaire pour obtenir plus de renseignements \u00e0 propos de nos produits ALCA 5 (AA5083), MAX5 (AA5083) et BUS PLATE (AA1370-50).\",\"breadcrumb\":{\"@id\":\"https:\\\/\\\/pcpaluminium.com\\\/fr\\\/acces-fiches-informations\\\/#breadcrumb\"},\"inLanguage\":\"fr-FR\",\"potentialAction\":[{\"@type\":\"ReadAction\",\"target\":[\"https:\\\/\\\/pcpaluminium.com\\\/fr\\\/acces-fiches-informations\\\/\"]}]},{\"@type\":\"BreadcrumbList\",\"@id\":\"https:\\\/\\\/pcpaluminium.com\\\/fr\\\/acces-fiches-informations\\\/#breadcrumb\",\"itemListElement\":[{\"@type\":\"ListItem\",\"position\":1,\"name\":\"Accueil\",\"item\":\"https:\\\/\\\/pcpaluminium.com\\\/fr\\\/\"},{\"@type\":\"ListItem\",\"position\":2,\"name\":\"Acc\u00e9dez \u00e0 nos fiches d&rsquo;informations\"}]},{\"@type\":\"WebSite\",\"@id\":\"https:\\\/\\\/pcpaluminium.com\\\/#website\",\"url\":\"https:\\\/\\\/pcpaluminium.com\\\/\",\"name\":\"PCP Aluminium\",\"description\":\"PLAQUE DE PR\u00c9CISION COUL\u00c9E\",\"potentialAction\":[{\"@type\":\"SearchAction\",\"target\":{\"@type\":\"EntryPoint\",\"urlTemplate\":\"https:\\\/\\\/pcpaluminium.com\\\/?s={search_term_string}\"},\"query-input\":{\"@type\":\"PropertyValueSpecification\",\"valueRequired\":true,\"valueName\":\"search_term_string\"}}],\"inLanguage\":\"fr-FR\"}]}<\/script>\n<!-- \/ Yoast SEO plugin. -->","yoast_head_json":{"title":"Acc\u00e9dez \u00e0 nos fiches d'informations - PCP Aluminium","description":"Remplissez le formulaire pour obtenir plus de renseignements \u00e0 propos de nos produits ALCA 5 (AA5083), MAX5 (AA5083) et BUS PLATE (AA1370-50).","robots":{"index":"index","follow":"follow","max-snippet":"max-snippet:-1","max-image-preview":"max-image-preview:large","max-video-preview":"max-video-preview:-1"},"canonical":"https:\/\/pcpaluminium.com\/fr\/acces-fiches-informations\/","og_locale":"fr_FR","og_type":"article","og_title":"Acc\u00e9dez \u00e0 nos fiches d'informations - PCP Aluminium","og_description":"Remplissez le formulaire pour obtenir plus de renseignements \u00e0 propos de nos produits ALCA 5 (AA5083), MAX5 (AA5083) et BUS PLATE (AA1370-50).","og_url":"https:\/\/pcpaluminium.com\/fr\/acces-fiches-informations\/","og_site_name":"PCP Aluminium","article_modified_time":"2022-06-13T19:56:39+00:00","twitter_card":"summary_large_image","twitter_misc":{"Dur\u00e9e de lecture estim\u00e9e":"1 minute"},"schema":{"@context":"https:\/\/schema.org","@graph":[{"@type":"WebPage","@id":"https:\/\/pcpaluminium.com\/fr\/acces-fiches-informations\/","url":"https:\/\/pcpaluminium.com\/fr\/acces-fiches-informations\/","name":"Acc\u00e9dez \u00e0 nos fiches d'informations - PCP Aluminium","isPartOf":{"@id":"https:\/\/pcpaluminium.com\/#website"},"datePublished":"2018-11-06T19:09:27+00:00","dateModified":"2022-06-13T19:56:39+00:00","description":"Remplissez le formulaire pour obtenir plus de renseignements \u00e0 propos de nos produits ALCA 5 (AA5083), MAX5 (AA5083) et BUS PLATE (AA1370-50).","breadcrumb":{"@id":"https:\/\/pcpaluminium.com\/fr\/acces-fiches-informations\/#breadcrumb"},"inLanguage":"fr-FR","potentialAction":[{"@type":"ReadAction","target":["https:\/\/pcpaluminium.com\/fr\/acces-fiches-informations\/"]}]},{"@type":"BreadcrumbList","@id":"https:\/\/pcpaluminium.com\/fr\/acces-fiches-informations\/#breadcrumb","itemListElement":[{"@type":"ListItem","position":1,"name":"Accueil","item":"https:\/\/pcpaluminium.com\/fr\/"},{"@type":"ListItem","position":2,"name":"Acc\u00e9dez \u00e0 nos fiches d&rsquo;informations"}]},{"@type":"WebSite","@id":"https:\/\/pcpaluminium.com\/#website","url":"https:\/\/pcpaluminium.com\/","name":"PCP Aluminium","description":"PLAQUE DE PR\u00c9CISION COUL\u00c9E","potentialAction":[{"@type":"SearchAction","target":{"@type":"EntryPoint","urlTemplate":"https:\/\/pcpaluminium.com\/?s={search_term_string}"},"query-input":{"@type":"PropertyValueSpecification","valueRequired":true,"valueName":"search_term_string"}}],"inLanguage":"fr-FR"}]}},"_links":{"self":[{"href":"https:\/\/pcpaluminium.com\/fr\/wp-json\/wp\/v2\/pages\/7088","targetHints":{"allow":["GET"]}}],"collection":[{"href":"https:\/\/pcpaluminium.com\/fr\/wp-json\/wp\/v2\/pages"}],"about":[{"href":"https:\/\/pcpaluminium.com\/fr\/wp-json\/wp\/v2\/types\/page"}],"author":[{"embeddable":true,"href":"https:\/\/pcpaluminium.com\/fr\/wp-json\/wp\/v2\/users\/1"}],"replies":[{"embeddable":true,"href":"https:\/\/pcpaluminium.com\/fr\/wp-json\/wp\/v2\/comments?post=7088"}],"version-history":[{"count":8,"href":"https:\/\/pcpaluminium.com\/fr\/wp-json\/wp\/v2\/pages\/7088\/revisions"}],"predecessor-version":[{"id":8277,"href":"https:\/\/pcpaluminium.com\/fr\/wp-json\/wp\/v2\/pages\/7088\/revisions\/8277"}],"wp:attachment":[{"href":"https:\/\/pcpaluminium.com\/fr\/wp-json\/wp\/v2\/media?parent=7088"}],"curies":[{"name":"wp","href":"https:\/\/api.w.org\/{rel}","templated":true}]}}