{"id":7096,"date":"2018-03-23T16:28:03","date_gmt":"2018-03-23T20:28:03","guid":{"rendered":"http:\/\/pcpaluminium.goimago.com\/career\/"},"modified":"2022-11-16T10:14:10","modified_gmt":"2022-11-16T15:14:10","slug":"carriere","status":"publish","type":"page","link":"https:\/\/pcpaluminium.com\/fr\/carriere\/","title":{"rendered":"CARRI\u00c8RE"},"content":{"rendered":"[mk_page_section bg_image=\u00a0\u00bbhttps:\/\/pcpaluminium.com\/wp-content\/uploads\/2018\/12\/entete-page-interieure-career-1.jpg\u00a0\u00bb bg_position=\u00a0\u00bbright top\u00a0\u00bb bg_repeat=\u00a0\u00bbno-repeat\u00a0\u00bb bg_stretch=\u00a0\u00bbtrue\u00a0\u00bb bg_gradient=\u00a0\u00bbvertical\u00a0\u00bb video_color_mask=\u00a0\u00bbrgba(41,49,55,0.77)\u00a0\u00bb video_opacity=\u00a0\u00bb0.3&Prime; min_height=\u00a0\u00bb318&Prime; padding_top=\u00a0\u00bb40&Prime; padding_bottom=\u00a0\u00bb0&Prime; top_shape_color=\u00a0\u00bb#ffffff\u00a0\u00bb bottom_shape_color=\u00a0\u00bb#ffffff\u00a0\u00bb section_id=\u00a0\u00bbtop25&Prime; sidebar=\u00a0\u00bbsidebar-1&Prime;][vc_column][mk_padding_divider visibility=\u00a0\u00bbhidden-sm\u00a0\u00bb][mk_fancy_title tag_name=\u00a0\u00bbh1&Prime; color=\u00a0\u00bb#ffffff\u00a0\u00bb size=\u00a0\u00bb36&Prime; force_font_size=\u00a0\u00bbtrue\u00a0\u00bb size_phone=\u00a0\u00bb20&Prime; font_weight=\u00a0\u00bb400&Prime; txt_transform=\u00a0\u00bbuppercase\u00a0\u00bb letter_spacing=\u00a0\u00bb4&Prime; font_family=\u00a0\u00bbRaleway\u00a0\u00bb font_type=\u00a0\u00bbgoogle\u00a0\u00bb el_class=\u00a0\u00bbtitre-2eniveau\u00a0\u00bb]VOUS \u00caTES UN CANDIDAT<br \/>\nINT\u00c9RESS\u00c9 ET QUALIFI\u00c9?[\/mk_fancy_title][mk_fancy_title tag_name=\u00a0\u00bbspan\u00a0\u00bb color=\u00a0\u00bb#ffffff\u00a0\u00bb size=\u00a0\u00bb16&Prime; force_font_size=\u00a0\u00bbtrue\u00a0\u00bb size_phone=\u00a0\u00bb10&Prime; line_height=\u00a0\u00bb160&Prime; font_weight=\u00a0\u00bb500&Prime; txt_transform=\u00a0\u00bbuppercase\u00a0\u00bb letter_spacing=\u00a0\u00bb4&Prime; font_family=\u00a0\u00bbRaleway\u00a0\u00bb font_type=\u00a0\u00bbgoogle\u00a0\u00bb]\n<div>NOUS SOMMES TOUJOURS \u00c0 LA RECHERCHE DE PERSONNES<br \/>\nCOMP\u00c9TENTES ET DYNAMIQUES POUR SE JOINDRE \u00c0 NOTRE \u00c9QUIPE.<\/div>\n[\/mk_fancy_title][mk_padding_divider size=\u00a0\u00bb20&Prime; visibility=\u00a0\u00bbhidden-sm\u00a0\u00bb][\/vc_column][\/mk_page_section][vc_row][vc_column width=\u00a0\u00bb5\/12&Prime;][mk_padding_divider size=\u00a0\u00bb80&Prime;][mk_fancy_title tag_name=\u00a0\u00bbspan\u00a0\u00bb color=\u00a0\u00bb#293137&Prime; size=\u00a0\u00bb30&Prime; font_weight=\u00a0\u00bb400&Prime; txt_transform=\u00a0\u00bbnone\u00a0\u00bb margin_bottom=\u00a0\u00bb15&Prime; font_family=\u00a0\u00bbRaleway\u00a0\u00bb font_type=\u00a0\u00bbgoogle\u00a0\u00bb]\n<h2>JOIGNEZ-VOUS \u00c0 NOTRE \u00c9QUIPE POUR OBTENIR<br \/>\nUN EMPLOI QUI R\u00c9POND \u00c0 VOS ASPIRATIONS!<\/h2>\n[\/mk_fancy_title][vc_column_text disable_pattern=\u00a0\u00bbfalse\u00a0\u00bb css=\u00a0\u00bb.vc_custom_1545337741760{margin-bottom: 0px !important;}\u00a0\u00bb]\n<p><span style=\"color: #005b7f;\"><b>POUR PLUS D\u2019INFORMATIONS :<\/b><\/span><\/p>\n<p>RESSOURCES HUMAINES<br \/>\n905, rue de l\u2019Innovation,<br \/>\nLa Baie (QC), Canada\u00a0 G7B 3N8<\/p>\n<p>T\u00e9l\u00e9phone :\u00a0<a href=\"tel:+4186773939\">418 677-3939<\/a><br \/>\nCourriel :\u00a0<a href=\"mailto:rh@pcpaluminium.com\">rh@pcpaluminium.com<\/a><\/p>\n[\/vc_column_text][\/vc_column][vc_column width=\u00a0\u00bb1\/12&Prime;][\/vc_column][vc_column width=\u00a0\u00bb1\/2&Prime;][mk_padding_divider size=\u00a0\u00bb80&Prime;][mk_custom_box padding_vertical=\u00a0\u00bb0&Prime; padding_horizental=\u00a0\u00bb0&Prime; margin_bottom=\u00a0\u00bb50&Prime; elevation_effect=\u00a0\u00bbtrue\u00a0\u00bb elevation_effect_distance=\u00a0\u00bb10&Prime; bg_stretch=\u00a0\u00bbtrue\u00a0\u00bb][vc_video link=\u00a0\u00bbhttps:\/\/www.youtube.com\/watch?v=RxNNlvSQv1E\u00a0\u00bb custom_thumbnail=\u00a0\u00bbtrue\u00a0\u00bb play_icon=\u00a0\u00bbmk-moon-play\u00a0\u00bb play_icon_size=\u00a0\u00bb64&Prime; thumbnail_image=\u00a0\u00bb8397&Prime;][\/mk_custom_box][mk_custom_box padding_vertical=\u00a0\u00bb0&Prime; padding_horizental=\u00a0\u00bb0&Prime; margin_bottom=\u00a0\u00bb0&Prime; elevation_effect=\u00a0\u00bbtrue\u00a0\u00bb elevation_effect_distance=\u00a0\u00bb10&Prime; bg_stretch=\u00a0\u00bbtrue\u00a0\u00bb][vc_video link=\u00a0\u00bbhttps:\/\/www.youtube.com\/watch?v=1Ni8GPj8OaI\u00a0\u00bb custom_thumbnail=\u00a0\u00bbtrue\u00a0\u00bb play_icon=\u00a0\u00bbmk-moon-play\u00a0\u00bb play_icon_size=\u00a0\u00bb64&Prime; thumbnail_image=\u00a0\u00bb6906&Prime;][\/mk_custom_box][\/vc_column][\/vc_row][vc_row][vc_column][mk_padding_divider size=\u00a0\u00bb20&Prime;][\/vc_column][\/vc_row][mk_page_section bg_color=\u00a0\u00bbrgba(234,236,237,0.24)\u00a0\u00bb bg_position=\u00a0\u00bbcenter center\u00a0\u00bb bg_repeat=\u00a0\u00bbno-repeat\u00a0\u00bb bg_stretch=\u00a0\u00bbtrue\u00a0\u00bb min_height=\u00a0\u00bb400&Prime; padding_top=\u00a0\u00bb90&Prime; padding_bottom=\u00a0\u00bb80&Prime; sidebar=\u00a0\u00bbsidebar-1&Prime;][vc_column][vc_row_inner][vc_column_inner][mk_ornamental_title text_color=\u00a0\u00bb#005b7f\u00a0\u00bb font_family=\u00a0\u00bbnone\u00a0\u00bb font_size=\u00a0\u00bb24&Prime; font_weight=\u00a0\u00bbbold\u00a0\u00bb txt_transform=\u00a0\u00bbcapitalize\u00a0\u00bb ornament_style=\u00a0\u00bblemo-single\u00a0\u00bb nss_align=\u00a0\u00bbcenter\u00a0\u00bb ornament_color=\u00a0\u00bb#005b7f\u00a0\u00bb margin_bottom=\u00a0\u00bb30&Prime;]\n<h2>POSTULER<\/h2>\n[\/mk_ornamental_title][mk_padding_divider size=\u00a0\u00bb50&Prime;][\/vc_column_inner][\/vc_row_inner][vc_row_inner is_fullwidth_content=\u00a0\u00bbfalse\u00a0\u00bb][vc_column_inner width=\u00a0\u00bb5\/12&Prime;][mk_fancy_title tag_name=\u00a0\u00bbspan\u00a0\u00bb color=\u00a0\u00bb#000000&Prime; size=\u00a0\u00bb30&Prime; force_font_size=\u00a0\u00bbtrue\u00a0\u00bb size_phone=\u00a0\u00bb20&Prime; font_weight=\u00a0\u00bb400&Prime; txt_transform=\u00a0\u00bbnone\u00a0\u00bb margin_bottom=\u00a0\u00bb25&Prime; font_family=\u00a0\u00bbRaleway\u00a0\u00bb font_type=\u00a0\u00bbgoogle\u00a0\u00bb]\n<h3>EMPLOIS OFFERTS<\/h3>\n[\/mk_fancy_title][vc_widget_sidebar sidebar_id=\u00a0\u00bbsidebar-1&Prime;][\/vc_column_inner][vc_column_inner width=\u00a0\u00bb1\/12&Prime;][\/vc_column_inner][vc_column_inner width=\u00a0\u00bb6\/12&Prime;][mk_fancy_title tag_name=\u00a0\u00bbspan\u00a0\u00bb color=\u00a0\u00bb#293137&Prime; size=\u00a0\u00bb18&Prime; line_height=\u00a0\u00bb120&Prime; font_weight=\u00a0\u00bb400&Prime; txt_transform=\u00a0\u00bbnone\u00a0\u00bb margin_bottom=\u00a0\u00bb25&Prime; font_family=\u00a0\u00bbRaleway\u00a0\u00bb font_type=\u00a0\u00bbgoogle\u00a0\u00bb]Si vous souhaitez faire partie de l\u2019\u00e9quipe, envoyez-nous votre curriculum vitae!<\/p>\n<p>Nous encourageons les candidats issus des minorit\u00e9s, les personnes handicap\u00e9es, les femmes et les anciens combattants \u00e0 poser leur candidature.<\/p>\n<p>Courriel :\u00a0<a href=\"mailto:rh@pcpaluminium.com\">rh@pcpaluminium.com<\/a>[\/mk_fancy_title][\/vc_column_inner][\/vc_row_inner][\/vc_column][\/mk_page_section][mk_page_section bg_image=\u00a0\u00bbhttps:\/\/pcpaluminium.com\/wp-content\/uploads\/2018\/04\/entete-max5.jpg\u00a0\u00bb bg_color=\u00a0\u00bb#eaeced\u00a0\u00bb bg_position=\u00a0\u00bbcenter top\u00a0\u00bb bg_repeat=\u00a0\u00bbno-repeat\u00a0\u00bb bg_stretch=\u00a0\u00bbtrue\u00a0\u00bb video_color_mask=\u00a0\u00bb#293137&Prime; video_opacity=\u00a0\u00bb0.4&Prime; min_height=\u00a0\u00bb250&Prime; padding_top=\u00a0\u00bb60&Prime; padding_bottom=\u00a0\u00bb40&Prime; sidebar=\u00a0\u00bbsidebar-1&Prime;][vc_column][vc_row_inner is_fullwidth_content=\u00a0\u00bbfalse\u00a0\u00bb][vc_column_inner width=\u00a0\u00bb2\/3&Prime;][mk_fancy_title color=\u00a0\u00bb#eaeced\u00a0\u00bb size=\u00a0\u00bb30&Prime; force_font_size=\u00a0\u00bbtrue\u00a0\u00bb size_phone=\u00a0\u00bb20&Prime; font_weight=\u00a0\u00bb400&Prime; txt_transform=\u00a0\u00bbnone\u00a0\u00bb margin_bottom=\u00a0\u00bb25&Prime; font_family=\u00a0\u00bbRaleway\u00a0\u00bb font_type=\u00a0\u00bbgoogle\u00a0\u00bb]<span style=\"color: #ffffff;\">\u00ab\u2009Mon \u00e9quipe PCP Aluminium a la capacit\u00e9 de transformer facilement de grandes id\u00e9es complexes en solutions simples.\u2009\u00bb<\/span>[\/mk_fancy_title][mk_fancy_title color=\u00a0\u00bb#eaeced\u00a0\u00bb font_weight=\u00a0\u00bbbold\u00a0\u00bb txt_transform=\u00a0\u00bbuppercase\u00a0\u00bb margin_bottom=\u00a0\u00bb0&Prime; font_family=\u00a0\u00bbRaleway\u00a0\u00bb font_type=\u00a0\u00bbgoogle\u00a0\u00bb responsive_align=\u00a0\u00bbleft\u00a0\u00bb]<span style=\"color: #ffffff;\">SIMON HOLSGROVE<\/span>[\/mk_fancy_title][mk_fancy_title color=\u00a0\u00bb#eaeced\u00a0\u00bb line_height=\u00a0\u00bb10&Prime; font_weight=\u00a0\u00bb400&Prime; txt_transform=\u00a0\u00bbuppercase\u00a0\u00bb margin_bottom=\u00a0\u00bb25&Prime; font_family=\u00a0\u00bbRaleway\u00a0\u00bb font_type=\u00a0\u00bbgoogle\u00a0\u00bb responsive_align=\u00a0\u00bbleft\u00a0\u00bb]<span style=\"color: #ffffff;\">DIRECTEUR DES VENTES ET DU MARKETING<\/span>[\/mk_fancy_title][\/vc_column_inner][vc_column_inner width=\u00a0\u00bb1\/3&Prime;][\/vc_column_inner][\/vc_row_inner][\/vc_column][\/mk_page_section]\n","protected":false},"excerpt":{"rendered":"<p>[mk_page_section bg_image=\u00a0\u00bbhttps:\/\/pcpaluminium.com\/wp-content\/uploads\/2018\/12\/entete-page-interieure-career-1.jpg\u00a0\u00bb bg_position=\u00a0\u00bbright top\u00a0\u00bb bg_repeat=\u00a0\u00bbno-repeat\u00a0\u00bb bg_stretch=\u00a0\u00bbtrue\u00a0\u00bb bg_gradient=\u00a0\u00bbvertical\u00a0\u00bb video_color_mask=\u00a0\u00bbrgba(41,49,55,0.77)\u00a0\u00bb video_opacity=\u00a0\u00bb0.3&Prime; min_height=\u00a0\u00bb318&Prime; padding_top=\u00a0\u00bb40&Prime; padding_bottom=\u00a0\u00bb0&Prime; top_shape_color=\u00a0\u00bb#ffffff\u00a0\u00bb bottom_shape_color=\u00a0\u00bb#ffffff\u00a0\u00bb section_id=\u00a0\u00bbtop25&Prime; sidebar=\u00a0\u00bbsidebar-1&Prime;][vc_column][mk_padding_divider visibility=\u00a0\u00bbhidden-sm\u00a0\u00bb][mk_fancy_title tag_name=\u00a0\u00bbh1&Prime; color=\u00a0\u00bb#ffffff\u00a0\u00bb size=\u00a0\u00bb36&Prime; force_font_size=\u00a0\u00bbtrue\u00a0\u00bb size_phone=\u00a0\u00bb20&Prime; font_weight=\u00a0\u00bb400&Prime; txt_transform=\u00a0\u00bbuppercase\u00a0\u00bb letter_spacing=\u00a0\u00bb4&Prime; font_family=\u00a0\u00bbRaleway\u00a0\u00bb font_type=\u00a0\u00bbgoogle\u00a0\u00bb el_class=\u00a0\u00bbtitre-2eniveau\u00a0\u00bb]VOUS \u00caTES UN CANDIDAT INT\u00c9RESS\u00c9 ET QUALIFI\u00c9?[\/mk_fancy_title][mk_fancy_title tag_name=\u00a0\u00bbspan\u00a0\u00bb color=\u00a0\u00bb#ffffff\u00a0\u00bb size=\u00a0\u00bb16&Prime; force_font_size=\u00a0\u00bbtrue\u00a0\u00bb size_phone=\u00a0\u00bb10&Prime; line_height=\u00a0\u00bb160&Prime; font_weight=\u00a0\u00bb500&Prime; txt_transform=\u00a0\u00bbuppercase\u00a0\u00bb letter_spacing=\u00a0\u00bb4&Prime; font_family=\u00a0\u00bbRaleway\u00a0\u00bb font_type=\u00a0\u00bbgoogle\u00a0\u00bb] NOUS SOMMES TOUJOURS \u00c0 LA RECHERCHE DE PERSONNES COMP\u00c9TENTES ET [&hellip;]<\/p>\n","protected":false},"author":1,"featured_media":0,"parent":0,"menu_order":0,"comment_status":"closed","ping_status":"closed","template":"","meta":{"footnotes":""},"class_list":["post-7096","page","type-page","status-publish","hentry"],"yoast_head":"<!-- This site is optimized with the Yoast SEO plugin v27.4 - https:\/\/yoast.com\/product\/yoast-seo-wordpress\/ -->\n<title>Trouvez un emploi qui r\u00e9pond \u00e0 vos aspirations! - PCP Aluminium<\/title>\n<meta name=\"description\" content=\"PCP Aluminium est toujours \u00e0 la recherche de personnes comp\u00e9tentes et dynamiques pour joindre son \u00e9quipe. Postulez d\u00e8s maintenant!\" \/>\n<meta name=\"robots\" content=\"index, follow, max-snippet:-1, max-image-preview:large, max-video-preview:-1\" \/>\n<link rel=\"canonical\" href=\"https:\/\/pcpaluminium.com\/fr\/carriere\/\" \/>\n<meta property=\"og:locale\" content=\"fr_FR\" \/>\n<meta property=\"og:type\" content=\"article\" \/>\n<meta property=\"og:title\" content=\"Trouvez un emploi qui r\u00e9pond \u00e0 vos aspirations! - PCP Aluminium\" \/>\n<meta property=\"og:description\" content=\"PCP Aluminium est toujours \u00e0 la recherche de personnes comp\u00e9tentes et dynamiques pour joindre son \u00e9quipe. Postulez d\u00e8s maintenant!\" \/>\n<meta property=\"og:url\" content=\"https:\/\/pcpaluminium.com\/fr\/carriere\/\" \/>\n<meta property=\"og:site_name\" content=\"PCP Aluminium\" \/>\n<meta property=\"article:modified_time\" content=\"2022-11-16T15:14:10+00:00\" \/>\n<meta name=\"twitter:card\" content=\"summary_large_image\" \/>\n<meta name=\"twitter:label1\" content=\"Dur\u00e9e de lecture estim\u00e9e\" \/>\n\t<meta name=\"twitter:data1\" content=\"2 minutes\" \/>\n<script type=\"application\/ld+json\" class=\"yoast-schema-graph\">{\"@context\":\"https:\\\/\\\/schema.org\",\"@graph\":[{\"@type\":\"WebPage\",\"@id\":\"https:\\\/\\\/pcpaluminium.com\\\/fr\\\/carriere\\\/\",\"url\":\"https:\\\/\\\/pcpaluminium.com\\\/fr\\\/carriere\\\/\",\"name\":\"Trouvez un emploi qui r\u00e9pond \u00e0 vos aspirations! - PCP Aluminium\",\"isPartOf\":{\"@id\":\"https:\\\/\\\/pcpaluminium.com\\\/#website\"},\"datePublished\":\"2018-03-23T20:28:03+00:00\",\"dateModified\":\"2022-11-16T15:14:10+00:00\",\"description\":\"PCP Aluminium est toujours \u00e0 la recherche de personnes comp\u00e9tentes et dynamiques pour joindre son \u00e9quipe. Postulez d\u00e8s maintenant!\",\"breadcrumb\":{\"@id\":\"https:\\\/\\\/pcpaluminium.com\\\/fr\\\/carriere\\\/#breadcrumb\"},\"inLanguage\":\"fr-FR\",\"potentialAction\":[{\"@type\":\"ReadAction\",\"target\":[\"https:\\\/\\\/pcpaluminium.com\\\/fr\\\/carriere\\\/\"]}]},{\"@type\":\"BreadcrumbList\",\"@id\":\"https:\\\/\\\/pcpaluminium.com\\\/fr\\\/carriere\\\/#breadcrumb\",\"itemListElement\":[{\"@type\":\"ListItem\",\"position\":1,\"name\":\"Accueil\",\"item\":\"https:\\\/\\\/pcpaluminium.com\\\/fr\\\/\"},{\"@type\":\"ListItem\",\"position\":2,\"name\":\"CARRI\u00c8RE\"}]},{\"@type\":\"WebSite\",\"@id\":\"https:\\\/\\\/pcpaluminium.com\\\/#website\",\"url\":\"https:\\\/\\\/pcpaluminium.com\\\/\",\"name\":\"PCP Aluminium\",\"description\":\"PLAQUE DE PR\u00c9CISION COUL\u00c9E\",\"potentialAction\":[{\"@type\":\"SearchAction\",\"target\":{\"@type\":\"EntryPoint\",\"urlTemplate\":\"https:\\\/\\\/pcpaluminium.com\\\/?s={search_term_string}\"},\"query-input\":{\"@type\":\"PropertyValueSpecification\",\"valueRequired\":true,\"valueName\":\"search_term_string\"}}],\"inLanguage\":\"fr-FR\"}]}<\/script>\n<!-- \/ Yoast SEO plugin. -->","yoast_head_json":{"title":"Trouvez un emploi qui r\u00e9pond \u00e0 vos aspirations! - PCP Aluminium","description":"PCP Aluminium est toujours \u00e0 la recherche de personnes comp\u00e9tentes et dynamiques pour joindre son \u00e9quipe. Postulez d\u00e8s maintenant!","robots":{"index":"index","follow":"follow","max-snippet":"max-snippet:-1","max-image-preview":"max-image-preview:large","max-video-preview":"max-video-preview:-1"},"canonical":"https:\/\/pcpaluminium.com\/fr\/carriere\/","og_locale":"fr_FR","og_type":"article","og_title":"Trouvez un emploi qui r\u00e9pond \u00e0 vos aspirations! - PCP Aluminium","og_description":"PCP Aluminium est toujours \u00e0 la recherche de personnes comp\u00e9tentes et dynamiques pour joindre son \u00e9quipe. Postulez d\u00e8s maintenant!","og_url":"https:\/\/pcpaluminium.com\/fr\/carriere\/","og_site_name":"PCP Aluminium","article_modified_time":"2022-11-16T15:14:10+00:00","twitter_card":"summary_large_image","twitter_misc":{"Dur\u00e9e de lecture estim\u00e9e":"2 minutes"},"schema":{"@context":"https:\/\/schema.org","@graph":[{"@type":"WebPage","@id":"https:\/\/pcpaluminium.com\/fr\/carriere\/","url":"https:\/\/pcpaluminium.com\/fr\/carriere\/","name":"Trouvez un emploi qui r\u00e9pond \u00e0 vos aspirations! - PCP Aluminium","isPartOf":{"@id":"https:\/\/pcpaluminium.com\/#website"},"datePublished":"2018-03-23T20:28:03+00:00","dateModified":"2022-11-16T15:14:10+00:00","description":"PCP Aluminium est toujours \u00e0 la recherche de personnes comp\u00e9tentes et dynamiques pour joindre son \u00e9quipe. Postulez d\u00e8s maintenant!","breadcrumb":{"@id":"https:\/\/pcpaluminium.com\/fr\/carriere\/#breadcrumb"},"inLanguage":"fr-FR","potentialAction":[{"@type":"ReadAction","target":["https:\/\/pcpaluminium.com\/fr\/carriere\/"]}]},{"@type":"BreadcrumbList","@id":"https:\/\/pcpaluminium.com\/fr\/carriere\/#breadcrumb","itemListElement":[{"@type":"ListItem","position":1,"name":"Accueil","item":"https:\/\/pcpaluminium.com\/fr\/"},{"@type":"ListItem","position":2,"name":"CARRI\u00c8RE"}]},{"@type":"WebSite","@id":"https:\/\/pcpaluminium.com\/#website","url":"https:\/\/pcpaluminium.com\/","name":"PCP Aluminium","description":"PLAQUE DE PR\u00c9CISION COUL\u00c9E","potentialAction":[{"@type":"SearchAction","target":{"@type":"EntryPoint","urlTemplate":"https:\/\/pcpaluminium.com\/?s={search_term_string}"},"query-input":{"@type":"PropertyValueSpecification","valueRequired":true,"valueName":"search_term_string"}}],"inLanguage":"fr-FR"}]}},"_links":{"self":[{"href":"https:\/\/pcpaluminium.com\/fr\/wp-json\/wp\/v2\/pages\/7096","targetHints":{"allow":["GET"]}}],"collection":[{"href":"https:\/\/pcpaluminium.com\/fr\/wp-json\/wp\/v2\/pages"}],"about":[{"href":"https:\/\/pcpaluminium.com\/fr\/wp-json\/wp\/v2\/types\/page"}],"author":[{"embeddable":true,"href":"https:\/\/pcpaluminium.com\/fr\/wp-json\/wp\/v2\/users\/1"}],"replies":[{"embeddable":true,"href":"https:\/\/pcpaluminium.com\/fr\/wp-json\/wp\/v2\/comments?post=7096"}],"version-history":[{"count":17,"href":"https:\/\/pcpaluminium.com\/fr\/wp-json\/wp\/v2\/pages\/7096\/revisions"}],"predecessor-version":[{"id":8400,"href":"https:\/\/pcpaluminium.com\/fr\/wp-json\/wp\/v2\/pages\/7096\/revisions\/8400"}],"wp:attachment":[{"href":"https:\/\/pcpaluminium.com\/fr\/wp-json\/wp\/v2\/media?parent=7096"}],"curies":[{"name":"wp","href":"https:\/\/api.w.org\/{rel}","templated":true}]}}