{"id":7101,"date":"2018-03-23T16:28:36","date_gmt":"2018-03-23T20:28:36","guid":{"rendered":"http:\/\/pcpaluminium.goimago.com\/news\/"},"modified":"2022-04-21T13:49:05","modified_gmt":"2022-04-21T17:49:05","slug":"nouvelles","status":"publish","type":"page","link":"https:\/\/pcpaluminium.com\/fr\/nouvelles\/","title":{"rendered":"NOUVELLES"},"content":{"rendered":"[mk_page_section bg_image=\u00a0\u00bbhttps:\/\/pcpaluminium.com\/wp-content\/uploads\/2018\/05\/pcp-equipe-travail.jpg\u00a0\u00bb attachment=\u00a0\u00bbfixed\u00a0\u00bb bg_position=\u00a0\u00bbcenter top\u00a0\u00bb bg_repeat=\u00a0\u00bbno-repeat\u00a0\u00bb bg_stretch=\u00a0\u00bbtrue\u00a0\u00bb bg_gradient=\u00a0\u00bbvertical\u00a0\u00bb video_color_mask=\u00a0\u00bbrgba(0,0,0,0.3)\u00a0\u00bb video_opacity=\u00a0\u00bb0.9&Prime; min_height=\u00a0\u00bb318&Prime; padding_top=\u00a0\u00bb40&Prime; padding_bottom=\u00a0\u00bb0&Prime; top_shape_color=\u00a0\u00bb#ffffff\u00a0\u00bb bottom_shape_color=\u00a0\u00bb#ffffff\u00a0\u00bb section_id=\u00a0\u00bbtop25&Prime; sidebar=\u00a0\u00bbsidebar-1&Prime;][vc_column][mk_padding_divider visibility=\u00a0\u00bbhidden-sm\u00a0\u00bb][mk_fancy_title tag_name=\u00a0\u00bbh1&Prime; color=\u00a0\u00bb#ffffff\u00a0\u00bb size=\u00a0\u00bb36&Prime; force_font_size=\u00a0\u00bbtrue\u00a0\u00bb size_phone=\u00a0\u00bb20&Prime; font_weight=\u00a0\u00bb400&Prime; txt_transform=\u00a0\u00bbuppercase\u00a0\u00bb letter_spacing=\u00a0\u00bb4&Prime; font_family=\u00a0\u00bbRaleway\u00a0\u00bb font_type=\u00a0\u00bbgoogle\u00a0\u00bb el_class=\u00a0\u00bbtitre-2eniveau\u00a0\u00bb]DES NOUVELLES DE PCP[\/mk_fancy_title][mk_fancy_title color=\u00a0\u00bb#ffffff\u00a0\u00bb size=\u00a0\u00bb16&Prime; force_font_size=\u00a0\u00bbtrue\u00a0\u00bb size_phone=\u00a0\u00bb10&Prime; line_height=\u00a0\u00bb160&Prime; font_weight=\u00a0\u00bb500&Prime; txt_transform=\u00a0\u00bbuppercase\u00a0\u00bb letter_spacing=\u00a0\u00bb4&Prime; font_family=\u00a0\u00bbRaleway\u00a0\u00bb font_type=\u00a0\u00bbgoogle\u00a0\u00bb]<span style=\"color: #ffffff;\">VOUS VOULEZ EN SAVOIR DAVANTAGE SUR NOS SECTEURS D\u2019ACTIVIT\u00c9S?<\/span><br \/>\n<span style=\"color: #ffffff;\">VOUS \u00caTES AU BON ENDROIT!<\/span>[\/mk_fancy_title][mk_padding_divider size=\u00a0\u00bb20&Prime; visibility=\u00a0\u00bbhidden-sm\u00a0\u00bb][\/vc_column][\/mk_page_section][vc_row][vc_column][mk_padding_divider size=\u00a0\u00bb60&Prime;][mk_blog style=\u00a0\u00bbclassic\u00a0\u00bb post_count=\u00a0\u00bb-1&Prime; cat=\u00a0\u00bb9&Prime;][\/vc_column][\/vc_row][vc_row][vc_column][mk_padding_divider size=\u00a0\u00bb120&Prime;][\/vc_column][\/vc_row]\n","protected":false},"excerpt":{"rendered":"<p>[mk_page_section bg_image=\u00a0\u00bbhttps:\/\/pcpaluminium.com\/wp-content\/uploads\/2018\/05\/pcp-equipe-travail.jpg\u00a0\u00bb attachment=\u00a0\u00bbfixed\u00a0\u00bb bg_position=\u00a0\u00bbcenter top\u00a0\u00bb bg_repeat=\u00a0\u00bbno-repeat\u00a0\u00bb bg_stretch=\u00a0\u00bbtrue\u00a0\u00bb bg_gradient=\u00a0\u00bbvertical\u00a0\u00bb video_color_mask=\u00a0\u00bbrgba(0,0,0,0.3)\u00a0\u00bb video_opacity=\u00a0\u00bb0.9&Prime; min_height=\u00a0\u00bb318&Prime; padding_top=\u00a0\u00bb40&Prime; padding_bottom=\u00a0\u00bb0&Prime; top_shape_color=\u00a0\u00bb#ffffff\u00a0\u00bb bottom_shape_color=\u00a0\u00bb#ffffff\u00a0\u00bb section_id=\u00a0\u00bbtop25&Prime; sidebar=\u00a0\u00bbsidebar-1&Prime;][vc_column][mk_padding_divider visibility=\u00a0\u00bbhidden-sm\u00a0\u00bb][mk_fancy_title tag_name=\u00a0\u00bbh1&Prime; color=\u00a0\u00bb#ffffff\u00a0\u00bb size=\u00a0\u00bb36&Prime; force_font_size=\u00a0\u00bbtrue\u00a0\u00bb size_phone=\u00a0\u00bb20&Prime; font_weight=\u00a0\u00bb400&Prime; txt_transform=\u00a0\u00bbuppercase\u00a0\u00bb letter_spacing=\u00a0\u00bb4&Prime; font_family=\u00a0\u00bbRaleway\u00a0\u00bb font_type=\u00a0\u00bbgoogle\u00a0\u00bb el_class=\u00a0\u00bbtitre-2eniveau\u00a0\u00bb]DES NOUVELLES DE PCP[\/mk_fancy_title][mk_fancy_title color=\u00a0\u00bb#ffffff\u00a0\u00bb size=\u00a0\u00bb16&Prime; force_font_size=\u00a0\u00bbtrue\u00a0\u00bb size_phone=\u00a0\u00bb10&Prime; line_height=\u00a0\u00bb160&Prime; font_weight=\u00a0\u00bb500&Prime; txt_transform=\u00a0\u00bbuppercase\u00a0\u00bb letter_spacing=\u00a0\u00bb4&Prime; font_family=\u00a0\u00bbRaleway\u00a0\u00bb font_type=\u00a0\u00bbgoogle\u00a0\u00bb]VOUS VOULEZ EN SAVOIR DAVANTAGE SUR NOS SECTEURS D\u2019ACTIVIT\u00c9S? VOUS \u00caTES AU BON ENDROIT![\/mk_fancy_title][mk_padding_divider [&hellip;]<\/p>\n","protected":false},"author":1,"featured_media":0,"parent":0,"menu_order":0,"comment_status":"closed","ping_status":"closed","template":"","meta":{"footnotes":""},"class_list":["post-7101","page","type-page","status-publish","hentry"],"yoast_head":"<!-- This site is optimized with the Yoast SEO plugin v27.4 - https:\/\/yoast.com\/product\/yoast-seo-wordpress\/ -->\n<title>D\u00e9couvrez les derni\u00e8res nouvelles de PCP Aluminium<\/title>\n<meta name=\"description\" content=\"Consultez notre section Nouvelles pour \u00eatre \u00e0 l&#039;aff\u00fbt des nouveaut\u00e9s dans le monde de la plaque de pr\u00e9cision coul\u00e9e d&#039;aluminium.\" \/>\n<meta name=\"robots\" content=\"index, follow, max-snippet:-1, max-image-preview:large, max-video-preview:-1\" \/>\n<link rel=\"canonical\" href=\"https:\/\/pcpaluminium.com\/fr\/nouvelles\/\" \/>\n<meta property=\"og:locale\" content=\"fr_FR\" \/>\n<meta property=\"og:type\" content=\"article\" \/>\n<meta property=\"og:title\" content=\"D\u00e9couvrez les derni\u00e8res nouvelles de PCP Aluminium\" \/>\n<meta property=\"og:description\" content=\"Consultez notre section Nouvelles pour \u00eatre \u00e0 l&#039;aff\u00fbt des nouveaut\u00e9s dans le monde de la plaque de pr\u00e9cision coul\u00e9e d&#039;aluminium.\" \/>\n<meta property=\"og:url\" content=\"https:\/\/pcpaluminium.com\/fr\/nouvelles\/\" \/>\n<meta property=\"og:site_name\" content=\"PCP Aluminium\" \/>\n<meta property=\"article:modified_time\" content=\"2022-04-21T17:49:05+00:00\" \/>\n<meta name=\"twitter:card\" content=\"summary_large_image\" \/>\n<meta name=\"twitter:label1\" content=\"Dur\u00e9e de lecture estim\u00e9e\" \/>\n\t<meta name=\"twitter:data1\" content=\"1 minute\" \/>\n<script type=\"application\/ld+json\" class=\"yoast-schema-graph\">{\"@context\":\"https:\\\/\\\/schema.org\",\"@graph\":[{\"@type\":\"WebPage\",\"@id\":\"https:\\\/\\\/pcpaluminium.com\\\/fr\\\/nouvelles\\\/\",\"url\":\"https:\\\/\\\/pcpaluminium.com\\\/fr\\\/nouvelles\\\/\",\"name\":\"D\u00e9couvrez les derni\u00e8res nouvelles de PCP Aluminium\",\"isPartOf\":{\"@id\":\"https:\\\/\\\/pcpaluminium.com\\\/#website\"},\"datePublished\":\"2018-03-23T20:28:36+00:00\",\"dateModified\":\"2022-04-21T17:49:05+00:00\",\"description\":\"Consultez notre section Nouvelles pour \u00eatre \u00e0 l'aff\u00fbt des nouveaut\u00e9s dans le monde de la plaque de pr\u00e9cision coul\u00e9e d'aluminium.\",\"breadcrumb\":{\"@id\":\"https:\\\/\\\/pcpaluminium.com\\\/fr\\\/nouvelles\\\/#breadcrumb\"},\"inLanguage\":\"fr-FR\",\"potentialAction\":[{\"@type\":\"ReadAction\",\"target\":[\"https:\\\/\\\/pcpaluminium.com\\\/fr\\\/nouvelles\\\/\"]}]},{\"@type\":\"BreadcrumbList\",\"@id\":\"https:\\\/\\\/pcpaluminium.com\\\/fr\\\/nouvelles\\\/#breadcrumb\",\"itemListElement\":[{\"@type\":\"ListItem\",\"position\":1,\"name\":\"Accueil\",\"item\":\"https:\\\/\\\/pcpaluminium.com\\\/fr\\\/\"},{\"@type\":\"ListItem\",\"position\":2,\"name\":\"NOUVELLES\"}]},{\"@type\":\"WebSite\",\"@id\":\"https:\\\/\\\/pcpaluminium.com\\\/#website\",\"url\":\"https:\\\/\\\/pcpaluminium.com\\\/\",\"name\":\"PCP Aluminium\",\"description\":\"PLAQUE DE PR\u00c9CISION COUL\u00c9E\",\"potentialAction\":[{\"@type\":\"SearchAction\",\"target\":{\"@type\":\"EntryPoint\",\"urlTemplate\":\"https:\\\/\\\/pcpaluminium.com\\\/?s={search_term_string}\"},\"query-input\":{\"@type\":\"PropertyValueSpecification\",\"valueRequired\":true,\"valueName\":\"search_term_string\"}}],\"inLanguage\":\"fr-FR\"}]}<\/script>\n<!-- \/ Yoast SEO plugin. -->","yoast_head_json":{"title":"D\u00e9couvrez les derni\u00e8res nouvelles de PCP Aluminium","description":"Consultez notre section Nouvelles pour \u00eatre \u00e0 l'aff\u00fbt des nouveaut\u00e9s dans le monde de la plaque de pr\u00e9cision coul\u00e9e d'aluminium.","robots":{"index":"index","follow":"follow","max-snippet":"max-snippet:-1","max-image-preview":"max-image-preview:large","max-video-preview":"max-video-preview:-1"},"canonical":"https:\/\/pcpaluminium.com\/fr\/nouvelles\/","og_locale":"fr_FR","og_type":"article","og_title":"D\u00e9couvrez les derni\u00e8res nouvelles de PCP Aluminium","og_description":"Consultez notre section Nouvelles pour \u00eatre \u00e0 l'aff\u00fbt des nouveaut\u00e9s dans le monde de la plaque de pr\u00e9cision coul\u00e9e d'aluminium.","og_url":"https:\/\/pcpaluminium.com\/fr\/nouvelles\/","og_site_name":"PCP Aluminium","article_modified_time":"2022-04-21T17:49:05+00:00","twitter_card":"summary_large_image","twitter_misc":{"Dur\u00e9e de lecture estim\u00e9e":"1 minute"},"schema":{"@context":"https:\/\/schema.org","@graph":[{"@type":"WebPage","@id":"https:\/\/pcpaluminium.com\/fr\/nouvelles\/","url":"https:\/\/pcpaluminium.com\/fr\/nouvelles\/","name":"D\u00e9couvrez les derni\u00e8res nouvelles de PCP Aluminium","isPartOf":{"@id":"https:\/\/pcpaluminium.com\/#website"},"datePublished":"2018-03-23T20:28:36+00:00","dateModified":"2022-04-21T17:49:05+00:00","description":"Consultez notre section Nouvelles pour \u00eatre \u00e0 l'aff\u00fbt des nouveaut\u00e9s dans le monde de la plaque de pr\u00e9cision coul\u00e9e d'aluminium.","breadcrumb":{"@id":"https:\/\/pcpaluminium.com\/fr\/nouvelles\/#breadcrumb"},"inLanguage":"fr-FR","potentialAction":[{"@type":"ReadAction","target":["https:\/\/pcpaluminium.com\/fr\/nouvelles\/"]}]},{"@type":"BreadcrumbList","@id":"https:\/\/pcpaluminium.com\/fr\/nouvelles\/#breadcrumb","itemListElement":[{"@type":"ListItem","position":1,"name":"Accueil","item":"https:\/\/pcpaluminium.com\/fr\/"},{"@type":"ListItem","position":2,"name":"NOUVELLES"}]},{"@type":"WebSite","@id":"https:\/\/pcpaluminium.com\/#website","url":"https:\/\/pcpaluminium.com\/","name":"PCP Aluminium","description":"PLAQUE DE PR\u00c9CISION COUL\u00c9E","potentialAction":[{"@type":"SearchAction","target":{"@type":"EntryPoint","urlTemplate":"https:\/\/pcpaluminium.com\/?s={search_term_string}"},"query-input":{"@type":"PropertyValueSpecification","valueRequired":true,"valueName":"search_term_string"}}],"inLanguage":"fr-FR"}]}},"_links":{"self":[{"href":"https:\/\/pcpaluminium.com\/fr\/wp-json\/wp\/v2\/pages\/7101","targetHints":{"allow":["GET"]}}],"collection":[{"href":"https:\/\/pcpaluminium.com\/fr\/wp-json\/wp\/v2\/pages"}],"about":[{"href":"https:\/\/pcpaluminium.com\/fr\/wp-json\/wp\/v2\/types\/page"}],"author":[{"embeddable":true,"href":"https:\/\/pcpaluminium.com\/fr\/wp-json\/wp\/v2\/users\/1"}],"replies":[{"embeddable":true,"href":"https:\/\/pcpaluminium.com\/fr\/wp-json\/wp\/v2\/comments?post=7101"}],"version-history":[{"count":7,"href":"https:\/\/pcpaluminium.com\/fr\/wp-json\/wp\/v2\/pages\/7101\/revisions"}],"predecessor-version":[{"id":8256,"href":"https:\/\/pcpaluminium.com\/fr\/wp-json\/wp\/v2\/pages\/7101\/revisions\/8256"}],"wp:attachment":[{"href":"https:\/\/pcpaluminium.com\/fr\/wp-json\/wp\/v2\/media?parent=7101"}],"curies":[{"name":"wp","href":"https:\/\/api.w.org\/{rel}","templated":true}]}}