{"id":9028,"date":"2024-06-02T20:30:58","date_gmt":"2024-06-03T00:30:58","guid":{"rendered":"https:\/\/pcpaluminium.com\/?page_id=9028"},"modified":"2024-06-02T20:33:38","modified_gmt":"2024-06-03T00:33:38","slug":"loi-s-211-pcp","status":"publish","type":"page","link":"https:\/\/pcpaluminium.com\/fr\/loi-s-211-pcp\/","title":{"rendered":"LOI S-211 PCP"},"content":{"rendered":"<section class=\"confidentialite\" style=\"padding: 10px;\">\n<h2><span style=\"font-weight: 400;\">\u00c9valuation de l\u2019entreprise en mati\u00e8re de travail forc\u00e9 et de travail des enfants dans les cha\u00eenes d\u2019approvisionnement.<\/span><\/h2>\n<p><span style=\"font-weight: 400;\">21 mai 2024<\/span><i><span style=\"font-weight: 400;\"><br \/>\n<\/span><\/i><\/p>\n<h3><span style=\"font-weight: 400;\">Sommaire ex\u00e9cutif<\/span><\/h3>\n<p><span style=\"font-weight: 400;\">Le travail forc\u00e9 est pr\u00e9sent dans tous les pays et dans tous les secteurs. L\u2019Organisation internationale du travail estime qu\u2019il y a environ 27,6\u00a0millions de victimes du travail forc\u00e9 dans le monde, dont 17,3\u00a0millions dans l\u2019\u00e9conomie priv\u00e9e. Les risques li\u00e9s au travail forc\u00e9 et au travail des enfants sont principalement li\u00e9s aux cha\u00eenes d\u2019approvisionnement mondiales des entreprises. Il existe un risque que les biens import\u00e9s et distribu\u00e9s au Canada aient \u00e9t\u00e9 produits en recourant au travail forc\u00e9 ou au travail des enfants. Les entit\u00e9s et les institutions gouvernementales qui font des affaires au Canada ont la responsabilit\u00e9 de veiller \u00e0 ce que les pratiques d\u2019exploitation soient abord\u00e9es et \u00e9radiqu\u00e9es de leurs cha\u00eenes d\u2019approvisionnement.<\/span><\/p>\n<p>&nbsp;<\/p>\n<p><span style=\"font-weight: 400;\">PCP a pris les mesures suivantes pour se conformer \u00e0 la loi S-211 :<\/span><\/p>\n<ul>\n<li style=\"font-weight: 400;\" aria-level=\"1\"><span style=\"font-weight: 400;\">Proc\u00e9der \u00e0 une \u00e9valuation interne des risques de travail forc\u00e9 et\/ou de travail des enfants dans les activit\u00e9s et les cha\u00eenes d&rsquo;approvisionnement de l&rsquo;entreprise.<\/span><\/li>\n<li style=\"font-weight: 400;\" aria-level=\"1\"><span style=\"font-weight: 400;\">Proc\u00e9der \u00e0 une \u00e9valuation externe des risques de travail forc\u00e9 et\/ou de travail des enfants dans les activit\u00e9s et les cha\u00eenes d&rsquo;approvisionnement de l&rsquo;entreprise.<\/span><\/li>\n<li style=\"font-weight: 400;\" aria-level=\"1\"><span style=\"font-weight: 400;\">\u00c9laborer et mettre en \u0153uvre un plan d&rsquo;action pour lutter contre le travail forc\u00e9 et\/ou le travail des enfants.<\/span><\/li>\n<li style=\"font-weight: 400;\" aria-level=\"1\"><span style=\"font-weight: 400;\">Recueillir des informations sur le recrutement des travailleurs et mettre en place des contr\u00f4les internes pour s&rsquo;assurer que tous les travailleurs sont recrut\u00e9s volontairement.<\/span><\/li>\n<li style=\"font-weight: 400;\" aria-level=\"1\"><span style=\"font-weight: 400;\">S&rsquo;attaquer aux pratiques qui, dans les activit\u00e9s et les cha\u00eenes d&rsquo;approvisionnement de l&rsquo;entreprise, augmentent le risque de travail forc\u00e9 et\/ou de travail des enfants.<\/span><\/li>\n<li style=\"font-weight: 400;\" aria-level=\"1\"><span style=\"font-weight: 400;\">\u00c9laborer et mettre en \u0153uvre des politiques et des processus de diligence raisonnable pour identifier, contrer et interdire le recours au travail forc\u00e9 et\/ou au travail des enfants dans les activit\u00e9s et les cha\u00eenes d&rsquo;approvisionnement de l&rsquo;entreprise.<\/span><\/li>\n<li style=\"font-weight: 400;\" aria-level=\"1\"><span style=\"font-weight: 400;\">Effectuer un exercice de priorisation afin de concentrer les efforts de diligence raisonnable sur les risques les plus graves de travail forc\u00e9 et de travail des enfants.<\/span><\/li>\n<li style=\"font-weight: 400;\" aria-level=\"1\"><span style=\"font-weight: 400;\">Exiger des fournisseurs qu&rsquo;ils mettent en place des politiques et des proc\u00e9dures visant \u00e0 identifier et \u00e0 interdire le recours au travail forc\u00e9 et\/ou au travail des enfants dans le cadre de leurs activit\u00e9s et de leurs cha\u00eenes d&rsquo;approvisionnement.<\/span><\/li>\n<li style=\"font-weight: 400;\" aria-level=\"1\"><span style=\"font-weight: 400;\">\u00c9laborer et mettre en \u0153uvre des politiques et des proc\u00e9dures de protection des enfants, y compris des clauses contractuelles contre le travail forc\u00e9 et\/ou le travail des enfants.<\/span><\/li>\n<li style=\"font-weight: 400;\" aria-level=\"1\"><span style=\"font-weight: 400;\">\u00c9laborer et mettre en \u0153uvre des normes, des codes de conduite et\/ou des listes de contr\u00f4le de conformit\u00e9 en mati\u00e8re de lutte contre le travail forc\u00e9 et\/ou le travail des enfants.<\/span><\/li>\n<li style=\"font-weight: 400;\" aria-level=\"1\"><span style=\"font-weight: 400;\">Auditer et contr\u00f4ler les fournisseurs.<\/span><\/li>\n<li style=\"font-weight: 400;\" aria-level=\"1\"><span style=\"font-weight: 400;\">Adopter des mesures visant \u00e0 contrer le travail forc\u00e9 et\/ou le travail des enfants, ou \u00e0 coop\u00e9rer \u00e0 cette fin.<\/span><\/li>\n<li style=\"font-weight: 400;\" aria-level=\"1\"><span style=\"font-weight: 400;\">\u00c9laborer et mettre en \u0153uvre des proc\u00e9dures de suivi des performances en mati\u00e8re de lutte contre le travail forc\u00e9 et\/ou le travail des enfants.<\/span><\/li>\n<li style=\"font-weight: 400;\" aria-level=\"1\"><span style=\"font-weight: 400;\">S&rsquo;engager avec des groupes de la soci\u00e9t\u00e9 civile, des experts et d&rsquo;autres parties prenantes sur la question de la lutte contre le travail forc\u00e9 et\/ou le travail des enfants.<\/span><\/li>\n<\/ul>\n<h3><span style=\"font-weight: 400;\">Politiques et diligence raisonnable\u00a0<\/span><\/h3>\n<h4>Politiques actuelles<\/h4>\n<p><span style=\"font-weight: 400;\">Voici les politiques et proc\u00e9dures existantes\u00a0:<\/span><\/p>\n<ul>\n<li style=\"font-weight: 400;\" aria-level=\"1\"><span style=\"font-weight: 400;\">Pour tous nouveaux fournisseurs de produits a risque le rapport d\u2019auto\u00e9valuation est envoy\u00e9 au fournisseur avant l\u2019\u00e9mission du premier bon de commande<\/span><\/li>\n<\/ul>\n<h4>Diligence raisonnable<\/h4>\n<p><span style=\"font-weight: 400;\">La proc\u00e9dure comprend les \u00e9l\u00e9ments suivants\u00a0:<\/span><\/p>\n<ul>\n<li style=\"font-weight: 400;\" aria-level=\"1\"><span style=\"font-weight: 400;\">Int\u00e9grer la conduite responsable des entreprises dans les politiques et les syst\u00e8mes de gestion.<\/span><\/li>\n<li style=\"font-weight: 400;\" aria-level=\"1\"><span style=\"font-weight: 400;\">Identifier et \u00e9valuer les impacts n\u00e9gatifs dans les op\u00e9rations, les cha\u00eenes d&rsquo;approvisionnement et les relations commerciales.<\/span><\/li>\n<li style=\"font-weight: 400;\" aria-level=\"1\"><span style=\"font-weight: 400;\">Cesser, pr\u00e9venir ou att\u00e9nuer les impacts n\u00e9gatifs.<\/span><\/li>\n<li style=\"font-weight: 400;\" aria-level=\"1\"><span style=\"font-weight: 400;\">Suivre la mise en \u0153uvre et les r\u00e9sultats.<\/span><\/li>\n<li style=\"font-weight: 400;\" aria-level=\"1\"><span style=\"font-weight: 400;\">Communiquer sur la mani\u00e8re dont les impacts sont trait\u00e9s.<\/span><\/li>\n<li style=\"font-weight: 400;\" aria-level=\"1\"><span style=\"font-weight: 400;\">Pr\u00e9voir des mesures correctives ou coop\u00e9rer \u00e0 ces mesures, le cas \u00e9ch\u00e9ant.<\/span><\/li>\n<\/ul>\n<p>&nbsp;<\/p>\n<h3><span style=\"font-weight: 400;\">Processus d\u2019auto\u00e9valuation et exigences<\/span><\/h3>\n<ul>\n<li style=\"font-weight: 400;\" aria-level=\"1\"><span style=\"font-weight: 400;\">PCP est dot\u00e9 d&rsquo;un processus d&rsquo;auto\u00e9valuation pour d\u00e9terminer son efficacit\u00e9 \u00e0 garantir que le travail forc\u00e9 et le travail des enfants ne sont pas utilis\u00e9s dans ses activit\u00e9s et ses cha\u00eenes d&rsquo;approvisionnement. Le regroupement d\u2019entreprises est conseill\u00e9 par des experts quant \u00e0 l\u2019application et la mise en place de proc\u00e9dures d\u2019autocontr\u00f4le pour lutter contre le travail forc\u00e9.<\/span><\/li>\n<li style=\"font-weight: 400;\" aria-level=\"1\"><span style=\"font-weight: 400;\">PCP travaille en collaboration avec les fournisseurs pour mesurer l&rsquo;efficacit\u00e9 de leurs actions et supprimer les risques de travail forc\u00e9 dans leurs cha\u00eenes de production.\u00a0<\/span><\/li>\n<\/ul>\n<\/section>\n","protected":false},"excerpt":{"rendered":"<p>\u00c9valuation de l\u2019entreprise en mati\u00e8re de travail forc\u00e9 et de travail des enfants dans les cha\u00eenes d\u2019approvisionnement. 21 mai 2024 Sommaire ex\u00e9cutif Le travail forc\u00e9 est pr\u00e9sent dans tous les pays et dans tous les secteurs. L\u2019Organisation internationale du travail estime qu\u2019il y a environ 27,6\u00a0millions de victimes du travail forc\u00e9 dans le monde, dont [&hellip;]<\/p>\n","protected":false},"author":1,"featured_media":0,"parent":0,"menu_order":0,"comment_status":"closed","ping_status":"closed","template":"","meta":{"footnotes":""},"class_list":["post-9028","page","type-page","status-publish","hentry"],"yoast_head":"<!-- This site is optimized with the Yoast SEO plugin v27.3 - https:\/\/yoast.com\/product\/yoast-seo-wordpress\/ -->\n<title>LOI S-211 PCP - PCP Aluminium<\/title>\n<meta name=\"robots\" content=\"index, follow, max-snippet:-1, max-image-preview:large, max-video-preview:-1\" \/>\n<link rel=\"canonical\" href=\"https:\/\/pcpaluminium.com\/fr\/loi-s-211-pcp\/\" \/>\n<meta property=\"og:locale\" content=\"fr_FR\" \/>\n<meta property=\"og:type\" content=\"article\" \/>\n<meta property=\"og:title\" content=\"LOI S-211 PCP - PCP Aluminium\" \/>\n<meta property=\"og:description\" content=\"\u00c9valuation de l\u2019entreprise en mati\u00e8re de travail forc\u00e9 et de travail des enfants dans les cha\u00eenes d\u2019approvisionnement. 21 mai 2024 Sommaire ex\u00e9cutif Le travail forc\u00e9 est pr\u00e9sent dans tous les pays et dans tous les secteurs. L\u2019Organisation internationale du travail estime qu\u2019il y a environ 27,6\u00a0millions de victimes du travail forc\u00e9 dans le monde, dont [&hellip;]\" \/>\n<meta property=\"og:url\" content=\"https:\/\/pcpaluminium.com\/fr\/loi-s-211-pcp\/\" \/>\n<meta property=\"og:site_name\" content=\"PCP Aluminium\" \/>\n<meta property=\"article:modified_time\" content=\"2024-06-03T00:33:38+00:00\" \/>\n<meta name=\"twitter:card\" content=\"summary_large_image\" \/>\n<meta name=\"twitter:label1\" content=\"Dur\u00e9e de lecture estim\u00e9e\" \/>\n\t<meta name=\"twitter:data1\" content=\"4 minutes\" \/>\n<script type=\"application\/ld+json\" class=\"yoast-schema-graph\">{\"@context\":\"https:\\\/\\\/schema.org\",\"@graph\":[{\"@type\":\"WebPage\",\"@id\":\"https:\\\/\\\/pcpaluminium.com\\\/fr\\\/loi-s-211-pcp\\\/\",\"url\":\"https:\\\/\\\/pcpaluminium.com\\\/fr\\\/loi-s-211-pcp\\\/\",\"name\":\"LOI S-211 PCP - PCP Aluminium\",\"isPartOf\":{\"@id\":\"https:\\\/\\\/pcpaluminium.com\\\/#website\"},\"datePublished\":\"2024-06-03T00:30:58+00:00\",\"dateModified\":\"2024-06-03T00:33:38+00:00\",\"breadcrumb\":{\"@id\":\"https:\\\/\\\/pcpaluminium.com\\\/fr\\\/loi-s-211-pcp\\\/#breadcrumb\"},\"inLanguage\":\"fr-FR\",\"potentialAction\":[{\"@type\":\"ReadAction\",\"target\":[\"https:\\\/\\\/pcpaluminium.com\\\/fr\\\/loi-s-211-pcp\\\/\"]}]},{\"@type\":\"BreadcrumbList\",\"@id\":\"https:\\\/\\\/pcpaluminium.com\\\/fr\\\/loi-s-211-pcp\\\/#breadcrumb\",\"itemListElement\":[{\"@type\":\"ListItem\",\"position\":1,\"name\":\"Accueil\",\"item\":\"https:\\\/\\\/pcpaluminium.com\\\/fr\\\/\"},{\"@type\":\"ListItem\",\"position\":2,\"name\":\"LOI S-211 PCP\"}]},{\"@type\":\"WebSite\",\"@id\":\"https:\\\/\\\/pcpaluminium.com\\\/#website\",\"url\":\"https:\\\/\\\/pcpaluminium.com\\\/\",\"name\":\"PCP Aluminium\",\"description\":\"PLAQUE DE PR\u00c9CISION COUL\u00c9E\",\"potentialAction\":[{\"@type\":\"SearchAction\",\"target\":{\"@type\":\"EntryPoint\",\"urlTemplate\":\"https:\\\/\\\/pcpaluminium.com\\\/?s={search_term_string}\"},\"query-input\":{\"@type\":\"PropertyValueSpecification\",\"valueRequired\":true,\"valueName\":\"search_term_string\"}}],\"inLanguage\":\"fr-FR\"}]}<\/script>\n<!-- \/ Yoast SEO plugin. -->","yoast_head_json":{"title":"LOI S-211 PCP - PCP Aluminium","robots":{"index":"index","follow":"follow","max-snippet":"max-snippet:-1","max-image-preview":"max-image-preview:large","max-video-preview":"max-video-preview:-1"},"canonical":"https:\/\/pcpaluminium.com\/fr\/loi-s-211-pcp\/","og_locale":"fr_FR","og_type":"article","og_title":"LOI S-211 PCP - PCP Aluminium","og_description":"\u00c9valuation de l\u2019entreprise en mati\u00e8re de travail forc\u00e9 et de travail des enfants dans les cha\u00eenes d\u2019approvisionnement. 21 mai 2024 Sommaire ex\u00e9cutif Le travail forc\u00e9 est pr\u00e9sent dans tous les pays et dans tous les secteurs. L\u2019Organisation internationale du travail estime qu\u2019il y a environ 27,6\u00a0millions de victimes du travail forc\u00e9 dans le monde, dont [&hellip;]","og_url":"https:\/\/pcpaluminium.com\/fr\/loi-s-211-pcp\/","og_site_name":"PCP Aluminium","article_modified_time":"2024-06-03T00:33:38+00:00","twitter_card":"summary_large_image","twitter_misc":{"Dur\u00e9e de lecture estim\u00e9e":"4 minutes"},"schema":{"@context":"https:\/\/schema.org","@graph":[{"@type":"WebPage","@id":"https:\/\/pcpaluminium.com\/fr\/loi-s-211-pcp\/","url":"https:\/\/pcpaluminium.com\/fr\/loi-s-211-pcp\/","name":"LOI S-211 PCP - PCP Aluminium","isPartOf":{"@id":"https:\/\/pcpaluminium.com\/#website"},"datePublished":"2024-06-03T00:30:58+00:00","dateModified":"2024-06-03T00:33:38+00:00","breadcrumb":{"@id":"https:\/\/pcpaluminium.com\/fr\/loi-s-211-pcp\/#breadcrumb"},"inLanguage":"fr-FR","potentialAction":[{"@type":"ReadAction","target":["https:\/\/pcpaluminium.com\/fr\/loi-s-211-pcp\/"]}]},{"@type":"BreadcrumbList","@id":"https:\/\/pcpaluminium.com\/fr\/loi-s-211-pcp\/#breadcrumb","itemListElement":[{"@type":"ListItem","position":1,"name":"Accueil","item":"https:\/\/pcpaluminium.com\/fr\/"},{"@type":"ListItem","position":2,"name":"LOI S-211 PCP"}]},{"@type":"WebSite","@id":"https:\/\/pcpaluminium.com\/#website","url":"https:\/\/pcpaluminium.com\/","name":"PCP Aluminium","description":"PLAQUE DE PR\u00c9CISION COUL\u00c9E","potentialAction":[{"@type":"SearchAction","target":{"@type":"EntryPoint","urlTemplate":"https:\/\/pcpaluminium.com\/?s={search_term_string}"},"query-input":{"@type":"PropertyValueSpecification","valueRequired":true,"valueName":"search_term_string"}}],"inLanguage":"fr-FR"}]}},"_links":{"self":[{"href":"https:\/\/pcpaluminium.com\/fr\/wp-json\/wp\/v2\/pages\/9028","targetHints":{"allow":["GET"]}}],"collection":[{"href":"https:\/\/pcpaluminium.com\/fr\/wp-json\/wp\/v2\/pages"}],"about":[{"href":"https:\/\/pcpaluminium.com\/fr\/wp-json\/wp\/v2\/types\/page"}],"author":[{"embeddable":true,"href":"https:\/\/pcpaluminium.com\/fr\/wp-json\/wp\/v2\/users\/1"}],"replies":[{"embeddable":true,"href":"https:\/\/pcpaluminium.com\/fr\/wp-json\/wp\/v2\/comments?post=9028"}],"version-history":[{"count":5,"href":"https:\/\/pcpaluminium.com\/fr\/wp-json\/wp\/v2\/pages\/9028\/revisions"}],"predecessor-version":[{"id":9033,"href":"https:\/\/pcpaluminium.com\/fr\/wp-json\/wp\/v2\/pages\/9028\/revisions\/9033"}],"wp:attachment":[{"href":"https:\/\/pcpaluminium.com\/fr\/wp-json\/wp\/v2\/media?parent=9028"}],"curies":[{"name":"wp","href":"https:\/\/api.w.org\/{rel}","templated":true}]}}